
{"id":393,"date":"2022-06-15T11:50:18","date_gmt":"2022-06-15T09:50:18","guid":{"rendered":"http:\/\/192.168.128.113\/gordonblair.com\/accueil\/nos-clients\/"},"modified":"2022-06-15T11:50:18","modified_gmt":"2022-06-15T09:50:18","slug":"nos-clients","status":"publish","type":"page","link":"https:\/\/www.gordonblair.com\/fr\/nos-clients\/","title":{"rendered":"Nos clients"},"content":{"rendered":"<p>Au cours des derni\u00e8res ann\u00e9es, Monaco est devenue une destination tr\u00e8s appr\u00e9ci\u00e9e pour son cadre de vie et son environnement favorable \u00e0 l\u2019investissement priv\u00e9 et \u00e0 la vie des affaires. La Principaut\u00e9 attire de nombreux \u00ab citoyens du monde \u00bb et des entreprises innovantes.<\/p>\n<p>Notre <strong>client\u00e8le priv\u00e9e<\/strong> est constitu\u00e9e de personnes fortun\u00e9es et de familles internationales : hommes d\u2019affaires, artistes, sportifs de haut niveau et personnalit\u00e9s reconnues, ayant des actifs patrimoniaux et professionnels dans un grand nombre de pays.<\/p>\n<p>Notre <strong>client\u00e8le d\u2019entreprises<\/strong> comprend pour sa part un large \u00e9ventail de soci\u00e9t\u00e9s, notamment des banques, des entreprises des secteurs public et priv\u00e9, implant\u00e9es \u00e0 Monaco ou \u00e0 l\u2019\u00e9tranger. Nous sommes \u00e9galement le correspondant d\u2019un grand nombre de cabinets d\u2019avocats et de conseils juridiques \u00e9trangers.<\/p>\n<p>Nos clients sont tous assur\u00e9s de trouver chez Gordon S. Blair des services de qualit\u00e9, adapt\u00e9s \u00e0 leurs besoins particuliers, et rendus en toute confidentialit\u00e9.<\/p>\n","protected":false},"excerpt":{"rendered":"<p>Au cours des derni\u00e8res ann\u00e9es, Monaco est devenue une destination tr\u00e8s appr\u00e9ci\u00e9e pour son cadre de vie et son environnement favorable \u00e0 l\u2019investissement priv\u00e9 et \u00e0 la vie des affaires. La Principaut\u00e9 attire de nombreux \u00ab citoyens du monde \u00bb et des entreprises innovantes. Notre client\u00e8le priv\u00e9e est constitu\u00e9e de personnes fortun\u00e9es et de familles [&hellip;]<\/p>\n","protected":false},"author":1,"featured_media":0,"parent":0,"menu_order":25,"comment_status":"closed","ping_status":"closed","template":"","meta":{"_acf_changed":false,"footnotes":""},"class_list":["post-393","page","type-page","status-publish","hentry"],"acf":[],"yoast_head":"<!-- This site is optimized with the Yoast SEO plugin v27.2 - https:\/\/yoast.com\/product\/yoast-seo-wordpress\/ -->\n<title>Nos clients - Gordon&#039;s Blair<\/title>\n<meta name=\"robots\" content=\"index, follow, max-snippet:-1, max-image-preview:large, max-video-preview:-1\" \/>\n<link rel=\"canonical\" href=\"https:\/\/www.gordonblair.com\/fr\/nos-clients\/\" \/>\n<meta property=\"og:locale\" content=\"fr_FR\" \/>\n<meta property=\"og:type\" content=\"article\" \/>\n<meta property=\"og:title\" content=\"Nos clients - Gordon&#039;s Blair\" \/>\n<meta property=\"og:description\" content=\"Au cours des derni\u00e8res ann\u00e9es, Monaco est devenue une destination tr\u00e8s appr\u00e9ci\u00e9e pour son cadre de vie et son environnement favorable \u00e0 l\u2019investissement priv\u00e9 et \u00e0 la vie des affaires. La Principaut\u00e9 attire de nombreux \u00ab citoyens du monde \u00bb et des entreprises innovantes. Notre client\u00e8le priv\u00e9e est constitu\u00e9e de personnes fortun\u00e9es et de familles [&hellip;]\" \/>\n<meta property=\"og:url\" content=\"https:\/\/www.gordonblair.com\/fr\/nos-clients\/\" \/>\n<meta property=\"og:site_name\" content=\"Gordon&#039;s Blair\" \/>\n<meta name=\"twitter:card\" content=\"summary_large_image\" \/>\n<meta name=\"twitter:label1\" content=\"Dur\u00e9e de lecture estim\u00e9e\" \/>\n\t<meta name=\"twitter:data1\" content=\"1 minute\" \/>\n<script type=\"application\/ld+json\" class=\"yoast-schema-graph\">{\"@context\":\"https:\/\/schema.org\",\"@graph\":[{\"@type\":\"WebPage\",\"@id\":\"https:\/\/www.gordonblair.com\/fr\/nos-clients\/\",\"url\":\"https:\/\/www.gordonblair.com\/fr\/nos-clients\/\",\"name\":\"Nos clients - Gordon&#039;s Blair\",\"isPartOf\":{\"@id\":\"https:\/\/www.gordonblair.com\/fr\/#website\"},\"datePublished\":\"2022-06-15T09:50:18+00:00\",\"breadcrumb\":{\"@id\":\"https:\/\/www.gordonblair.com\/fr\/nos-clients\/#breadcrumb\"},\"inLanguage\":\"fr-FR\",\"potentialAction\":[{\"@type\":\"ReadAction\",\"target\":[\"https:\/\/www.gordonblair.com\/fr\/nos-clients\/\"]}]},{\"@type\":\"BreadcrumbList\",\"@id\":\"https:\/\/www.gordonblair.com\/fr\/nos-clients\/#breadcrumb\",\"itemListElement\":[{\"@type\":\"ListItem\",\"position\":1,\"name\":\"Accueil\",\"item\":\"https:\/\/www.gordonblair.com\/fr\/\"},{\"@type\":\"ListItem\",\"position\":2,\"name\":\"Nos clients\"}]},{\"@type\":\"WebSite\",\"@id\":\"https:\/\/www.gordonblair.com\/fr\/#website\",\"url\":\"https:\/\/www.gordonblair.com\/fr\/\",\"name\":\"Gordon's Blair\",\"description\":\"Un cabinet juridique et fiscal multidisciplinaire, d\u00e9di\u00e9 \u00e0 diff\u00e9rentes pratiques du droit\",\"publisher\":{\"@id\":\"https:\/\/www.gordonblair.com\/fr\/#organization\"},\"potentialAction\":[{\"@type\":\"SearchAction\",\"target\":{\"@type\":\"EntryPoint\",\"urlTemplate\":\"https:\/\/www.gordonblair.com\/fr\/?s={search_term_string}\"},\"query-input\":{\"@type\":\"PropertyValueSpecification\",\"valueRequired\":true,\"valueName\":\"search_term_string\"}}],\"inLanguage\":\"fr-FR\"},{\"@type\":\"Organization\",\"@id\":\"https:\/\/www.gordonblair.com\/fr\/#organization\",\"name\":\"Gordon's Blair\",\"url\":\"https:\/\/www.gordonblair.com\/fr\/\",\"logo\":{\"@type\":\"ImageObject\",\"inLanguage\":\"fr-FR\",\"@id\":\"https:\/\/www.gordonblair.com\/fr\/#\/schema\/logo\/image\/\",\"url\":\"https:\/\/www.gordonblair.com\/wp-content\/uploads\/2013\/02\/avocat-monco-attorney-gordon-blair11-300x75-1.png\",\"contentUrl\":\"https:\/\/www.gordonblair.com\/wp-content\/uploads\/2013\/02\/avocat-monco-attorney-gordon-blair11-300x75-1.png\",\"width\":300,\"height\":75,\"caption\":\"Gordon's Blair\"},\"image\":{\"@id\":\"https:\/\/www.gordonblair.com\/fr\/#\/schema\/logo\/image\/\"}}]}<\/script>\n<!-- \/ Yoast SEO plugin. -->","yoast_head_json":{"title":"Nos clients - Gordon&#039;s Blair","robots":{"index":"index","follow":"follow","max-snippet":"max-snippet:-1","max-image-preview":"max-image-preview:large","max-video-preview":"max-video-preview:-1"},"canonical":"https:\/\/www.gordonblair.com\/fr\/nos-clients\/","og_locale":"fr_FR","og_type":"article","og_title":"Nos clients - Gordon&#039;s Blair","og_description":"Au cours des derni\u00e8res ann\u00e9es, Monaco est devenue une destination tr\u00e8s appr\u00e9ci\u00e9e pour son cadre de vie et son environnement favorable \u00e0 l\u2019investissement priv\u00e9 et \u00e0 la vie des affaires. La Principaut\u00e9 attire de nombreux \u00ab citoyens du monde \u00bb et des entreprises innovantes. Notre client\u00e8le priv\u00e9e est constitu\u00e9e de personnes fortun\u00e9es et de familles [&hellip;]","og_url":"https:\/\/www.gordonblair.com\/fr\/nos-clients\/","og_site_name":"Gordon&#039;s Blair","twitter_card":"summary_large_image","twitter_misc":{"Dur\u00e9e de lecture estim\u00e9e":"1 minute"},"schema":{"@context":"https:\/\/schema.org","@graph":[{"@type":"WebPage","@id":"https:\/\/www.gordonblair.com\/fr\/nos-clients\/","url":"https:\/\/www.gordonblair.com\/fr\/nos-clients\/","name":"Nos clients - Gordon&#039;s Blair","isPartOf":{"@id":"https:\/\/www.gordonblair.com\/fr\/#website"},"datePublished":"2022-06-15T09:50:18+00:00","breadcrumb":{"@id":"https:\/\/www.gordonblair.com\/fr\/nos-clients\/#breadcrumb"},"inLanguage":"fr-FR","potentialAction":[{"@type":"ReadAction","target":["https:\/\/www.gordonblair.com\/fr\/nos-clients\/"]}]},{"@type":"BreadcrumbList","@id":"https:\/\/www.gordonblair.com\/fr\/nos-clients\/#breadcrumb","itemListElement":[{"@type":"ListItem","position":1,"name":"Accueil","item":"https:\/\/www.gordonblair.com\/fr\/"},{"@type":"ListItem","position":2,"name":"Nos clients"}]},{"@type":"WebSite","@id":"https:\/\/www.gordonblair.com\/fr\/#website","url":"https:\/\/www.gordonblair.com\/fr\/","name":"Gordon's Blair","description":"Un cabinet juridique et fiscal multidisciplinaire, d\u00e9di\u00e9 \u00e0 diff\u00e9rentes pratiques du droit","publisher":{"@id":"https:\/\/www.gordonblair.com\/fr\/#organization"},"potentialAction":[{"@type":"SearchAction","target":{"@type":"EntryPoint","urlTemplate":"https:\/\/www.gordonblair.com\/fr\/?s={search_term_string}"},"query-input":{"@type":"PropertyValueSpecification","valueRequired":true,"valueName":"search_term_string"}}],"inLanguage":"fr-FR"},{"@type":"Organization","@id":"https:\/\/www.gordonblair.com\/fr\/#organization","name":"Gordon's Blair","url":"https:\/\/www.gordonblair.com\/fr\/","logo":{"@type":"ImageObject","inLanguage":"fr-FR","@id":"https:\/\/www.gordonblair.com\/fr\/#\/schema\/logo\/image\/","url":"https:\/\/www.gordonblair.com\/wp-content\/uploads\/2013\/02\/avocat-monco-attorney-gordon-blair11-300x75-1.png","contentUrl":"https:\/\/www.gordonblair.com\/wp-content\/uploads\/2013\/02\/avocat-monco-attorney-gordon-blair11-300x75-1.png","width":300,"height":75,"caption":"Gordon's Blair"},"image":{"@id":"https:\/\/www.gordonblair.com\/fr\/#\/schema\/logo\/image\/"}}]}},"_links":{"self":[{"href":"https:\/\/www.gordonblair.com\/fr\/wp-json\/wp\/v2\/pages\/393","targetHints":{"allow":["GET"]}}],"collection":[{"href":"https:\/\/www.gordonblair.com\/fr\/wp-json\/wp\/v2\/pages"}],"about":[{"href":"https:\/\/www.gordonblair.com\/fr\/wp-json\/wp\/v2\/types\/page"}],"author":[{"embeddable":true,"href":"https:\/\/www.gordonblair.com\/fr\/wp-json\/wp\/v2\/users\/1"}],"replies":[{"embeddable":true,"href":"https:\/\/www.gordonblair.com\/fr\/wp-json\/wp\/v2\/comments?post=393"}],"version-history":[{"count":0,"href":"https:\/\/www.gordonblair.com\/fr\/wp-json\/wp\/v2\/pages\/393\/revisions"}],"wp:attachment":[{"href":"https:\/\/www.gordonblair.com\/fr\/wp-json\/wp\/v2\/media?parent=393"}],"curies":[{"name":"wp","href":"https:\/\/api.w.org\/{rel}","templated":true}]}}