
{"id":461,"date":"2022-06-23T15:43:02","date_gmt":"2022-06-23T13:43:02","guid":{"rendered":"http:\/\/192.168.128.113\/gordonblair.com\/contact-us\/"},"modified":"2022-06-23T15:43:33","modified_gmt":"2022-06-23T13:43:33","slug":"contact-us","status":"publish","type":"page","link":"https:\/\/www.gordonblair.com\/fr\/contact-us\/","title":{"rendered":"Contactez-nous"},"content":{"rendered":"","protected":false},"excerpt":{"rendered":"","protected":false},"author":1,"featured_media":0,"parent":0,"menu_order":17,"comment_status":"closed","ping_status":"closed","template":"","meta":{"_acf_changed":false,"footnotes":""},"class_list":["post-461","page","type-page","status-publish","hentry"],"acf":[],"yoast_head":"<!-- This site is optimized with the Yoast SEO plugin v27.2 - https:\/\/yoast.com\/product\/yoast-seo-wordpress\/ -->\n<title>Contactez-nous - Gordon&#039;s Blair<\/title>\n<meta name=\"robots\" content=\"index, follow, max-snippet:-1, max-image-preview:large, max-video-preview:-1\" \/>\n<link rel=\"canonical\" href=\"https:\/\/www.gordonblair.com\/fr\/contact-us\/\" \/>\n<meta property=\"og:locale\" content=\"fr_FR\" \/>\n<meta property=\"og:type\" content=\"article\" \/>\n<meta property=\"og:title\" content=\"Contactez-nous - Gordon&#039;s Blair\" \/>\n<meta property=\"og:url\" content=\"https:\/\/www.gordonblair.com\/fr\/contact-us\/\" \/>\n<meta property=\"og:site_name\" content=\"Gordon&#039;s Blair\" \/>\n<meta property=\"article:modified_time\" content=\"2022-06-23T13:43:33+00:00\" \/>\n<meta name=\"twitter:card\" content=\"summary_large_image\" \/>\n<script type=\"application\/ld+json\" class=\"yoast-schema-graph\">{\"@context\":\"https:\/\/schema.org\",\"@graph\":[{\"@type\":\"WebPage\",\"@id\":\"https:\/\/www.gordonblair.com\/fr\/contact-us\/\",\"url\":\"https:\/\/www.gordonblair.com\/fr\/contact-us\/\",\"name\":\"Contactez-nous - Gordon&#039;s Blair\",\"isPartOf\":{\"@id\":\"https:\/\/www.gordonblair.com\/fr\/#website\"},\"datePublished\":\"2022-06-23T13:43:02+00:00\",\"dateModified\":\"2022-06-23T13:43:33+00:00\",\"breadcrumb\":{\"@id\":\"https:\/\/www.gordonblair.com\/fr\/contact-us\/#breadcrumb\"},\"inLanguage\":\"fr-FR\",\"potentialAction\":[{\"@type\":\"ReadAction\",\"target\":[\"https:\/\/www.gordonblair.com\/fr\/contact-us\/\"]}]},{\"@type\":\"BreadcrumbList\",\"@id\":\"https:\/\/www.gordonblair.com\/fr\/contact-us\/#breadcrumb\",\"itemListElement\":[{\"@type\":\"ListItem\",\"position\":1,\"name\":\"Accueil\",\"item\":\"https:\/\/www.gordonblair.com\/fr\/\"},{\"@type\":\"ListItem\",\"position\":2,\"name\":\"Contactez-nous\"}]},{\"@type\":\"WebSite\",\"@id\":\"https:\/\/www.gordonblair.com\/fr\/#website\",\"url\":\"https:\/\/www.gordonblair.com\/fr\/\",\"name\":\"Gordon's Blair\",\"description\":\"Un cabinet juridique et fiscal multidisciplinaire, d\u00e9di\u00e9 \u00e0 diff\u00e9rentes pratiques du droit\",\"publisher\":{\"@id\":\"https:\/\/www.gordonblair.com\/fr\/#organization\"},\"potentialAction\":[{\"@type\":\"SearchAction\",\"target\":{\"@type\":\"EntryPoint\",\"urlTemplate\":\"https:\/\/www.gordonblair.com\/fr\/?s={search_term_string}\"},\"query-input\":{\"@type\":\"PropertyValueSpecification\",\"valueRequired\":true,\"valueName\":\"search_term_string\"}}],\"inLanguage\":\"fr-FR\"},{\"@type\":\"Organization\",\"@id\":\"https:\/\/www.gordonblair.com\/fr\/#organization\",\"name\":\"Gordon's Blair\",\"url\":\"https:\/\/www.gordonblair.com\/fr\/\",\"logo\":{\"@type\":\"ImageObject\",\"inLanguage\":\"fr-FR\",\"@id\":\"https:\/\/www.gordonblair.com\/fr\/#\/schema\/logo\/image\/\",\"url\":\"https:\/\/www.gordonblair.com\/wp-content\/uploads\/2013\/02\/avocat-monco-attorney-gordon-blair11-300x75-1.png\",\"contentUrl\":\"https:\/\/www.gordonblair.com\/wp-content\/uploads\/2013\/02\/avocat-monco-attorney-gordon-blair11-300x75-1.png\",\"width\":300,\"height\":75,\"caption\":\"Gordon's Blair\"},\"image\":{\"@id\":\"https:\/\/www.gordonblair.com\/fr\/#\/schema\/logo\/image\/\"}}]}<\/script>\n<!-- \/ Yoast SEO plugin. -->","yoast_head_json":{"title":"Contactez-nous - Gordon&#039;s Blair","robots":{"index":"index","follow":"follow","max-snippet":"max-snippet:-1","max-image-preview":"max-image-preview:large","max-video-preview":"max-video-preview:-1"},"canonical":"https:\/\/www.gordonblair.com\/fr\/contact-us\/","og_locale":"fr_FR","og_type":"article","og_title":"Contactez-nous - Gordon&#039;s Blair","og_url":"https:\/\/www.gordonblair.com\/fr\/contact-us\/","og_site_name":"Gordon&#039;s Blair","article_modified_time":"2022-06-23T13:43:33+00:00","twitter_card":"summary_large_image","schema":{"@context":"https:\/\/schema.org","@graph":[{"@type":"WebPage","@id":"https:\/\/www.gordonblair.com\/fr\/contact-us\/","url":"https:\/\/www.gordonblair.com\/fr\/contact-us\/","name":"Contactez-nous - Gordon&#039;s Blair","isPartOf":{"@id":"https:\/\/www.gordonblair.com\/fr\/#website"},"datePublished":"2022-06-23T13:43:02+00:00","dateModified":"2022-06-23T13:43:33+00:00","breadcrumb":{"@id":"https:\/\/www.gordonblair.com\/fr\/contact-us\/#breadcrumb"},"inLanguage":"fr-FR","potentialAction":[{"@type":"ReadAction","target":["https:\/\/www.gordonblair.com\/fr\/contact-us\/"]}]},{"@type":"BreadcrumbList","@id":"https:\/\/www.gordonblair.com\/fr\/contact-us\/#breadcrumb","itemListElement":[{"@type":"ListItem","position":1,"name":"Accueil","item":"https:\/\/www.gordonblair.com\/fr\/"},{"@type":"ListItem","position":2,"name":"Contactez-nous"}]},{"@type":"WebSite","@id":"https:\/\/www.gordonblair.com\/fr\/#website","url":"https:\/\/www.gordonblair.com\/fr\/","name":"Gordon's Blair","description":"Un cabinet juridique et fiscal multidisciplinaire, d\u00e9di\u00e9 \u00e0 diff\u00e9rentes pratiques du droit","publisher":{"@id":"https:\/\/www.gordonblair.com\/fr\/#organization"},"potentialAction":[{"@type":"SearchAction","target":{"@type":"EntryPoint","urlTemplate":"https:\/\/www.gordonblair.com\/fr\/?s={search_term_string}"},"query-input":{"@type":"PropertyValueSpecification","valueRequired":true,"valueName":"search_term_string"}}],"inLanguage":"fr-FR"},{"@type":"Organization","@id":"https:\/\/www.gordonblair.com\/fr\/#organization","name":"Gordon's Blair","url":"https:\/\/www.gordonblair.com\/fr\/","logo":{"@type":"ImageObject","inLanguage":"fr-FR","@id":"https:\/\/www.gordonblair.com\/fr\/#\/schema\/logo\/image\/","url":"https:\/\/www.gordonblair.com\/wp-content\/uploads\/2013\/02\/avocat-monco-attorney-gordon-blair11-300x75-1.png","contentUrl":"https:\/\/www.gordonblair.com\/wp-content\/uploads\/2013\/02\/avocat-monco-attorney-gordon-blair11-300x75-1.png","width":300,"height":75,"caption":"Gordon's Blair"},"image":{"@id":"https:\/\/www.gordonblair.com\/fr\/#\/schema\/logo\/image\/"}}]}},"_links":{"self":[{"href":"https:\/\/www.gordonblair.com\/fr\/wp-json\/wp\/v2\/pages\/461","targetHints":{"allow":["GET"]}}],"collection":[{"href":"https:\/\/www.gordonblair.com\/fr\/wp-json\/wp\/v2\/pages"}],"about":[{"href":"https:\/\/www.gordonblair.com\/fr\/wp-json\/wp\/v2\/types\/page"}],"author":[{"embeddable":true,"href":"https:\/\/www.gordonblair.com\/fr\/wp-json\/wp\/v2\/users\/1"}],"replies":[{"embeddable":true,"href":"https:\/\/www.gordonblair.com\/fr\/wp-json\/wp\/v2\/comments?post=461"}],"version-history":[{"count":1,"href":"https:\/\/www.gordonblair.com\/fr\/wp-json\/wp\/v2\/pages\/461\/revisions"}],"predecessor-version":[{"id":462,"href":"https:\/\/www.gordonblair.com\/fr\/wp-json\/wp\/v2\/pages\/461\/revisions\/462"}],"wp:attachment":[{"href":"https:\/\/www.gordonblair.com\/fr\/wp-json\/wp\/v2\/media?parent=461"}],"curies":[{"name":"wp","href":"https:\/\/api.w.org\/{rel}","templated":true}]}}