
{"id":5809,"date":"2023-04-28T12:03:55","date_gmt":"2023-04-28T10:03:55","guid":{"rendered":"https:\/\/www.gordonblair.com\/general-conditions-of-use\/"},"modified":"2023-10-24T07:26:45","modified_gmt":"2023-10-24T05:26:45","slug":"conditions-generales-dutilisation","status":"publish","type":"page","link":"https:\/\/www.gordonblair.com\/fr\/conditions-generales-dutilisation\/","title":{"rendered":"Conditions G\u00e9n\u00e9rales d\u2019Utilisation"},"content":{"rendered":"<h4><strong>Article 1 \u2013 Objet<\/strong><\/h4>\n<p>Les pr\u00e9sentes Conditions G\u00e9n\u00e9rales sont destin\u00e9es \u00e0 r\u00e9gir l\u2019utilisation du site web du cabinet Gordon S. Blair Law Offices (ci-apr\u00e8s \u00ab le site \u00bb) par tout internaute.<br \/>\nLa consultation du Site implique que l\u2019internaute a pr\u00e9alablement pris connaissance des pr\u00e9sentes conditions g\u00e9n\u00e9rales, qu\u2019il les a accept\u00e9es et s\u2019engage \u00e0 s\u2019y conformer.<\/p>\n<p>&nbsp;<\/p>\n<h4><strong>Article 2 \u2013 Utilisation loyale<\/strong><\/h4>\n<p>L\u2019internaute s\u2019interdit tout acte de nature \u00e0 alt\u00e9rer ou perturber, de quelque mani\u00e8re que ce soit, le fonctionnement normal du site.<br \/>\nDe m\u00eame, il s\u2019interdit toute utilisation d\u00e9tourn\u00e9e des informations nominatives pr\u00e9sentes sur le Site.<\/p>\n<p>&nbsp;<\/p>\n<h4><strong>Article 3 \u2013 Propri\u00e9t\u00e9 intellectuelle<\/strong><\/h4>\n<p>L\u2019internaute s\u2019engage \u00e0 respecter le droit de propri\u00e9t\u00e9 intellectuelle inh\u00e9rent au site ainsi qu\u2019\u00e0 son contenu, quelle qu\u2019en soit la nature.<br \/>\nEn particulier, l\u2019internaute s\u2019interdit toute reproduction ou toute repr\u00e9sentation du site, par quelque moyen et sous quelque forme que ce soit, sans l\u2019autorisation expresse et pr\u00e9alable du cabinet Gordon S. Blair Law Offices.<\/p>\n<p>&nbsp;<\/p>\n<h4><strong>Article 4 \u2013 Publications<\/strong><\/h4>\n<p>Toutes les productions intellectuelles publi\u00e9es sur le site le sont \u00e0 titre d\u2019information et ne sauraient dispenser l\u2019internaute de solliciter les conseils appropri\u00e9s et adapt\u00e9s \u00e0 ses besoins.<br \/>\nL\u2019utilisation de ces productions intellectuelles est donc faite sous la seule responsabilit\u00e9 de l\u2019internaute et ne saurait aucunement engager le cabinet Gordon S. Blair Law Offices.<\/p>\n<p>&nbsp;<\/p>\n<h4><strong>Article 5 \u2013 Donn\u00e9es \u00e0 caract\u00e8re personnel<\/strong><\/h4>\n<p>Tous nos traitements de donn\u00e9es \u00e0 caract\u00e8re personnel sont mis en \u0153uvre dans le respect de notre Politique de confidentialit\u00e9 accessible <a href=\"https:\/\/www.gordonblair.com\/wp-content\/uploads\/2023\/05\/Politique-de-confidentialite-3.pdf\" target=\"_blank\" rel=\"noopener\"><em>ici<\/em><\/a><em>.<\/em><\/p>\n<p>&nbsp;<\/p>\n<h4><strong>Article 6 \u2013 Donn\u00e9es statistiques<\/strong><\/h4>\n<p>Lors de l\u2019utilisation du site, des cookies g\u00e9n\u00e9r\u00e9s par les serveurs informatiques peuvent s\u2019installer automatiquement sur l\u2019ordinateur de l\u2019internaute. Ces cookies ne permettent pas d\u2019identifier l\u2019internaute, mais servent seulement \u00e0 mesurer le nombre de pages vues, le nombre de visites ainsi que l\u2019activit\u00e9 de l\u2019internaute sur le Site.<br \/>\nL\u2019internaute peut refuser ces cookies ou les supprimer sans que cela n\u2019affecte de quelque mani\u00e8re que ce soit sa navigation sur le site.<\/p>\n<p>&nbsp;<\/p>\n<h4><strong>Article 7 \u2013 Liens vers d\u2019autres sites<\/strong><\/h4>\n<p>L\u2019internaute s\u2019interdit de mettre en place un lien entre le site et un autre site internet sans l\u2019accord expr\u00e8s et pr\u00e9alable du cabinet Gordon S. Blair Law Offices.<br \/>\nEn aucun cas, le cabinet Gordon S. Blair Law Offices ne pourrait \u00eatre responsable des cons\u00e9quences des acc\u00e8s effectu\u00e9s \u00e0 travers un lien pointant vers un autre site, si ce lien a \u00e9t\u00e9 mis en place sans son accord.<\/p>\n<p>&nbsp;<\/p>\n<h4><strong>Article 8 \u2013 Loi applicable<\/strong><\/h4>\n<p>La loi mon\u00e9gasque s\u2019applique au site <a href=\"http:\/\/www.gordonblair.com\">www.gordonblair.com<\/a><\/p>\n","protected":false},"excerpt":{"rendered":"<p>Article 1 \u2013 Objet Les pr\u00e9sentes Conditions G\u00e9n\u00e9rales sont destin\u00e9es \u00e0 r\u00e9gir l\u2019utilisation du site web du cabinet Gordon S. Blair Law Offices (ci-apr\u00e8s \u00ab le site \u00bb) par tout internaute. La consultation du Site implique que l\u2019internaute a pr\u00e9alablement pris connaissance des pr\u00e9sentes conditions g\u00e9n\u00e9rales, qu\u2019il les a accept\u00e9es et s\u2019engage \u00e0 s\u2019y conformer. [&hellip;]<\/p>\n","protected":false},"author":1,"featured_media":0,"parent":0,"menu_order":10,"comment_status":"closed","ping_status":"closed","template":"","meta":{"_acf_changed":false,"footnotes":""},"class_list":["post-5809","page","type-page","status-publish","hentry"],"acf":[],"yoast_head":"<!-- This site is optimized with the Yoast SEO plugin v27.2 - https:\/\/yoast.com\/product\/yoast-seo-wordpress\/ -->\n<title>Conditions G\u00e9n\u00e9rales d\u2019Utilisation - Gordon&#039;s Blair<\/title>\n<meta name=\"robots\" content=\"index, follow, max-snippet:-1, max-image-preview:large, max-video-preview:-1\" \/>\n<link rel=\"canonical\" href=\"https:\/\/www.gordonblair.com\/fr\/conditions-generales-dutilisation\/\" \/>\n<meta property=\"og:locale\" content=\"fr_FR\" \/>\n<meta property=\"og:type\" content=\"article\" \/>\n<meta property=\"og:title\" content=\"Conditions G\u00e9n\u00e9rales d\u2019Utilisation - Gordon&#039;s Blair\" \/>\n<meta property=\"og:description\" content=\"Article 1 \u2013 Objet Les pr\u00e9sentes Conditions G\u00e9n\u00e9rales sont destin\u00e9es \u00e0 r\u00e9gir l\u2019utilisation du site web du cabinet Gordon S. Blair Law Offices (ci-apr\u00e8s \u00ab le site \u00bb) par tout internaute. La consultation du Site implique que l\u2019internaute a pr\u00e9alablement pris connaissance des pr\u00e9sentes conditions g\u00e9n\u00e9rales, qu\u2019il les a accept\u00e9es et s\u2019engage \u00e0 s\u2019y conformer. [&hellip;]\" \/>\n<meta property=\"og:url\" content=\"https:\/\/www.gordonblair.com\/fr\/conditions-generales-dutilisation\/\" \/>\n<meta property=\"og:site_name\" content=\"Gordon&#039;s Blair\" \/>\n<meta property=\"article:modified_time\" content=\"2023-10-24T05:26:45+00:00\" \/>\n<meta name=\"twitter:card\" content=\"summary_large_image\" \/>\n<meta name=\"twitter:label1\" content=\"Dur\u00e9e de lecture estim\u00e9e\" \/>\n\t<meta name=\"twitter:data1\" content=\"2 minutes\" \/>\n<script type=\"application\/ld+json\" class=\"yoast-schema-graph\">{\"@context\":\"https:\/\/schema.org\",\"@graph\":[{\"@type\":\"WebPage\",\"@id\":\"https:\/\/www.gordonblair.com\/fr\/conditions-generales-dutilisation\/\",\"url\":\"https:\/\/www.gordonblair.com\/fr\/conditions-generales-dutilisation\/\",\"name\":\"Conditions G\u00e9n\u00e9rales d\u2019Utilisation - Gordon&#039;s Blair\",\"isPartOf\":{\"@id\":\"https:\/\/www.gordonblair.com\/fr\/#website\"},\"datePublished\":\"2023-04-28T10:03:55+00:00\",\"dateModified\":\"2023-10-24T05:26:45+00:00\",\"breadcrumb\":{\"@id\":\"https:\/\/www.gordonblair.com\/fr\/conditions-generales-dutilisation\/#breadcrumb\"},\"inLanguage\":\"fr-FR\",\"potentialAction\":[{\"@type\":\"ReadAction\",\"target\":[\"https:\/\/www.gordonblair.com\/fr\/conditions-generales-dutilisation\/\"]}]},{\"@type\":\"BreadcrumbList\",\"@id\":\"https:\/\/www.gordonblair.com\/fr\/conditions-generales-dutilisation\/#breadcrumb\",\"itemListElement\":[{\"@type\":\"ListItem\",\"position\":1,\"name\":\"Accueil\",\"item\":\"https:\/\/www.gordonblair.com\/fr\/\"},{\"@type\":\"ListItem\",\"position\":2,\"name\":\"Conditions G\u00e9n\u00e9rales d\u2019Utilisation\"}]},{\"@type\":\"WebSite\",\"@id\":\"https:\/\/www.gordonblair.com\/fr\/#website\",\"url\":\"https:\/\/www.gordonblair.com\/fr\/\",\"name\":\"Gordon's Blair\",\"description\":\"Un cabinet juridique et fiscal multidisciplinaire, d\u00e9di\u00e9 \u00e0 diff\u00e9rentes pratiques du droit\",\"publisher\":{\"@id\":\"https:\/\/www.gordonblair.com\/fr\/#organization\"},\"potentialAction\":[{\"@type\":\"SearchAction\",\"target\":{\"@type\":\"EntryPoint\",\"urlTemplate\":\"https:\/\/www.gordonblair.com\/fr\/?s={search_term_string}\"},\"query-input\":{\"@type\":\"PropertyValueSpecification\",\"valueRequired\":true,\"valueName\":\"search_term_string\"}}],\"inLanguage\":\"fr-FR\"},{\"@type\":\"Organization\",\"@id\":\"https:\/\/www.gordonblair.com\/fr\/#organization\",\"name\":\"Gordon's Blair\",\"url\":\"https:\/\/www.gordonblair.com\/fr\/\",\"logo\":{\"@type\":\"ImageObject\",\"inLanguage\":\"fr-FR\",\"@id\":\"https:\/\/www.gordonblair.com\/fr\/#\/schema\/logo\/image\/\",\"url\":\"https:\/\/www.gordonblair.com\/wp-content\/uploads\/2013\/02\/avocat-monco-attorney-gordon-blair11-300x75-1.png\",\"contentUrl\":\"https:\/\/www.gordonblair.com\/wp-content\/uploads\/2013\/02\/avocat-monco-attorney-gordon-blair11-300x75-1.png\",\"width\":300,\"height\":75,\"caption\":\"Gordon's Blair\"},\"image\":{\"@id\":\"https:\/\/www.gordonblair.com\/fr\/#\/schema\/logo\/image\/\"}}]}<\/script>\n<!-- \/ Yoast SEO plugin. -->","yoast_head_json":{"title":"Conditions G\u00e9n\u00e9rales d\u2019Utilisation - Gordon&#039;s Blair","robots":{"index":"index","follow":"follow","max-snippet":"max-snippet:-1","max-image-preview":"max-image-preview:large","max-video-preview":"max-video-preview:-1"},"canonical":"https:\/\/www.gordonblair.com\/fr\/conditions-generales-dutilisation\/","og_locale":"fr_FR","og_type":"article","og_title":"Conditions G\u00e9n\u00e9rales d\u2019Utilisation - Gordon&#039;s Blair","og_description":"Article 1 \u2013 Objet Les pr\u00e9sentes Conditions G\u00e9n\u00e9rales sont destin\u00e9es \u00e0 r\u00e9gir l\u2019utilisation du site web du cabinet Gordon S. Blair Law Offices (ci-apr\u00e8s \u00ab le site \u00bb) par tout internaute. La consultation du Site implique que l\u2019internaute a pr\u00e9alablement pris connaissance des pr\u00e9sentes conditions g\u00e9n\u00e9rales, qu\u2019il les a accept\u00e9es et s\u2019engage \u00e0 s\u2019y conformer. [&hellip;]","og_url":"https:\/\/www.gordonblair.com\/fr\/conditions-generales-dutilisation\/","og_site_name":"Gordon&#039;s Blair","article_modified_time":"2023-10-24T05:26:45+00:00","twitter_card":"summary_large_image","twitter_misc":{"Dur\u00e9e de lecture estim\u00e9e":"2 minutes"},"schema":{"@context":"https:\/\/schema.org","@graph":[{"@type":"WebPage","@id":"https:\/\/www.gordonblair.com\/fr\/conditions-generales-dutilisation\/","url":"https:\/\/www.gordonblair.com\/fr\/conditions-generales-dutilisation\/","name":"Conditions G\u00e9n\u00e9rales d\u2019Utilisation - Gordon&#039;s Blair","isPartOf":{"@id":"https:\/\/www.gordonblair.com\/fr\/#website"},"datePublished":"2023-04-28T10:03:55+00:00","dateModified":"2023-10-24T05:26:45+00:00","breadcrumb":{"@id":"https:\/\/www.gordonblair.com\/fr\/conditions-generales-dutilisation\/#breadcrumb"},"inLanguage":"fr-FR","potentialAction":[{"@type":"ReadAction","target":["https:\/\/www.gordonblair.com\/fr\/conditions-generales-dutilisation\/"]}]},{"@type":"BreadcrumbList","@id":"https:\/\/www.gordonblair.com\/fr\/conditions-generales-dutilisation\/#breadcrumb","itemListElement":[{"@type":"ListItem","position":1,"name":"Accueil","item":"https:\/\/www.gordonblair.com\/fr\/"},{"@type":"ListItem","position":2,"name":"Conditions G\u00e9n\u00e9rales d\u2019Utilisation"}]},{"@type":"WebSite","@id":"https:\/\/www.gordonblair.com\/fr\/#website","url":"https:\/\/www.gordonblair.com\/fr\/","name":"Gordon's Blair","description":"Un cabinet juridique et fiscal multidisciplinaire, d\u00e9di\u00e9 \u00e0 diff\u00e9rentes pratiques du droit","publisher":{"@id":"https:\/\/www.gordonblair.com\/fr\/#organization"},"potentialAction":[{"@type":"SearchAction","target":{"@type":"EntryPoint","urlTemplate":"https:\/\/www.gordonblair.com\/fr\/?s={search_term_string}"},"query-input":{"@type":"PropertyValueSpecification","valueRequired":true,"valueName":"search_term_string"}}],"inLanguage":"fr-FR"},{"@type":"Organization","@id":"https:\/\/www.gordonblair.com\/fr\/#organization","name":"Gordon's Blair","url":"https:\/\/www.gordonblair.com\/fr\/","logo":{"@type":"ImageObject","inLanguage":"fr-FR","@id":"https:\/\/www.gordonblair.com\/fr\/#\/schema\/logo\/image\/","url":"https:\/\/www.gordonblair.com\/wp-content\/uploads\/2013\/02\/avocat-monco-attorney-gordon-blair11-300x75-1.png","contentUrl":"https:\/\/www.gordonblair.com\/wp-content\/uploads\/2013\/02\/avocat-monco-attorney-gordon-blair11-300x75-1.png","width":300,"height":75,"caption":"Gordon's Blair"},"image":{"@id":"https:\/\/www.gordonblair.com\/fr\/#\/schema\/logo\/image\/"}}]}},"_links":{"self":[{"href":"https:\/\/www.gordonblair.com\/fr\/wp-json\/wp\/v2\/pages\/5809","targetHints":{"allow":["GET"]}}],"collection":[{"href":"https:\/\/www.gordonblair.com\/fr\/wp-json\/wp\/v2\/pages"}],"about":[{"href":"https:\/\/www.gordonblair.com\/fr\/wp-json\/wp\/v2\/types\/page"}],"author":[{"embeddable":true,"href":"https:\/\/www.gordonblair.com\/fr\/wp-json\/wp\/v2\/users\/1"}],"replies":[{"embeddable":true,"href":"https:\/\/www.gordonblair.com\/fr\/wp-json\/wp\/v2\/comments?post=5809"}],"version-history":[{"count":20,"href":"https:\/\/www.gordonblair.com\/fr\/wp-json\/wp\/v2\/pages\/5809\/revisions"}],"predecessor-version":[{"id":7269,"href":"https:\/\/www.gordonblair.com\/fr\/wp-json\/wp\/v2\/pages\/5809\/revisions\/7269"}],"wp:attachment":[{"href":"https:\/\/www.gordonblair.com\/fr\/wp-json\/wp\/v2\/media?parent=5809"}],"curies":[{"name":"wp","href":"https:\/\/api.w.org\/{rel}","templated":true}]}}