
{"id":5813,"date":"2023-04-28T12:05:11","date_gmt":"2023-04-28T10:05:11","guid":{"rendered":"https:\/\/www.gordonblair.com\/legal-mentions\/"},"modified":"2023-10-24T11:17:54","modified_gmt":"2023-10-24T09:17:54","slug":"legal-mentions","status":"publish","type":"page","link":"https:\/\/www.gordonblair.com\/fr\/legal-mentions\/","title":{"rendered":"Mentions l\u00e9gales et politique de confidentialit\u00e9"},"content":{"rendered":"<h3>Mentions l\u00e9gales<\/h3>\n<p>Le site gordonblair.com (ci-apr\u00e8s le \u00ab site \u00bb) est \u00e9dit\u00e9 par GORDON S. BLAIR LAW OFFICES \/ SOMODECO S.A.M., Soci\u00e9t\u00e9 Anonyme Mon\u00e9gasque, au capital social de 150 000 euros, au num\u00e9ro RC 79S01727, au code NAF 6910Z, dont le si\u00e8ge social est situ\u00e9 7 Rue du Gabian &#8211; BP 449 &#8211; 98011 Monaco cedex \u2013 adresse email : info@gordonblair.com<br \/>\nLe directeur de la publication du site : SOMODECO S.A.M.<br \/>\nLe site est h\u00e9berg\u00e9 par Gandi SAS, 63-65 boulevard Mass\u00e9na \u2013 75 013 Paris (France), Soci\u00e9t\u00e9 par Actions Simplifi\u00e9e au capital de 630 000 \u20ac, immatricul\u00e9e au RCS de Paris sous le n\u00b0423 093 459.<br \/>\nLe site a \u00e9t\u00e9 r\u00e9alis\u00e9 par l\u2019agence Federall, dont le si\u00e8ge est situ\u00e9 36 avenue de l\u2019Annonciade, 98000 Monaco.<\/p>\n<p>&nbsp;<\/p>\n<h3>Politique de confidentialit\u00e9<\/h3>\n<p>Notre politique de confidentialit\u00e9 est con\u00e7ue pour vous informer de la fa\u00e7on dont nous utilisons vos donn\u00e9es personnelles. Nous vous expliquons \u00e9galement quels sont vos droits et la fa\u00e7on de les exercer. Notre politique de confidentialit\u00e9 est consultable sur le lien suivant :<\/p>\n<p><a href=\"https:\/\/www.gordonblair.com\/wp-content\/uploads\/2023\/07\/Politique-de-confidentialite.pdf\" target=\"_blank\" rel=\"noopener\">Politique de confidentialit\u00e9<\/a><\/p>\n","protected":false},"excerpt":{"rendered":"<p>Mentions l\u00e9gales Le site gordonblair.com (ci-apr\u00e8s le \u00ab site \u00bb) est \u00e9dit\u00e9 par GORDON S. BLAIR LAW OFFICES \/ SOMODECO S.A.M., Soci\u00e9t\u00e9 Anonyme Mon\u00e9gasque, au capital social de 150 000 euros, au num\u00e9ro RC 79S01727, au code NAF 6910Z, dont le si\u00e8ge social est situ\u00e9 7 Rue du Gabian &#8211; BP 449 &#8211; 98011 Monaco [&hellip;]<\/p>\n","protected":false},"author":1,"featured_media":0,"parent":0,"menu_order":8,"comment_status":"closed","ping_status":"closed","template":"","meta":{"_acf_changed":false,"footnotes":""},"class_list":["post-5813","page","type-page","status-publish","hentry"],"acf":[],"yoast_head":"<!-- This site is optimized with the Yoast SEO plugin v27.2 - https:\/\/yoast.com\/product\/yoast-seo-wordpress\/ -->\n<title>Mentions l\u00e9gales et politique de confidentialit\u00e9 - Gordon&#039;s Blair<\/title>\n<meta name=\"robots\" content=\"index, follow, max-snippet:-1, max-image-preview:large, max-video-preview:-1\" \/>\n<link rel=\"canonical\" href=\"https:\/\/www.gordonblair.com\/fr\/legal-mentions\/\" \/>\n<meta property=\"og:locale\" content=\"fr_FR\" \/>\n<meta property=\"og:type\" content=\"article\" \/>\n<meta property=\"og:title\" content=\"Mentions l\u00e9gales et politique de confidentialit\u00e9 - Gordon&#039;s Blair\" \/>\n<meta property=\"og:description\" content=\"Mentions l\u00e9gales Le site gordonblair.com (ci-apr\u00e8s le \u00ab site \u00bb) est \u00e9dit\u00e9 par GORDON S. BLAIR LAW OFFICES \/ SOMODECO S.A.M., Soci\u00e9t\u00e9 Anonyme Mon\u00e9gasque, au capital social de 150 000 euros, au num\u00e9ro RC 79S01727, au code NAF 6910Z, dont le si\u00e8ge social est situ\u00e9 7 Rue du Gabian &#8211; BP 449 &#8211; 98011 Monaco [&hellip;]\" \/>\n<meta property=\"og:url\" content=\"https:\/\/www.gordonblair.com\/fr\/legal-mentions\/\" \/>\n<meta property=\"og:site_name\" content=\"Gordon&#039;s Blair\" \/>\n<meta property=\"article:modified_time\" content=\"2023-10-24T09:17:54+00:00\" \/>\n<meta name=\"twitter:card\" content=\"summary_large_image\" \/>\n<meta name=\"twitter:label1\" content=\"Dur\u00e9e de lecture estim\u00e9e\" \/>\n\t<meta name=\"twitter:data1\" content=\"1 minute\" \/>\n<script type=\"application\/ld+json\" class=\"yoast-schema-graph\">{\"@context\":\"https:\/\/schema.org\",\"@graph\":[{\"@type\":\"WebPage\",\"@id\":\"https:\/\/www.gordonblair.com\/fr\/legal-mentions\/\",\"url\":\"https:\/\/www.gordonblair.com\/fr\/legal-mentions\/\",\"name\":\"Mentions l\u00e9gales et politique de confidentialit\u00e9 - Gordon&#039;s Blair\",\"isPartOf\":{\"@id\":\"https:\/\/www.gordonblair.com\/fr\/#website\"},\"datePublished\":\"2023-04-28T10:05:11+00:00\",\"dateModified\":\"2023-10-24T09:17:54+00:00\",\"breadcrumb\":{\"@id\":\"https:\/\/www.gordonblair.com\/fr\/legal-mentions\/#breadcrumb\"},\"inLanguage\":\"fr-FR\",\"potentialAction\":[{\"@type\":\"ReadAction\",\"target\":[\"https:\/\/www.gordonblair.com\/fr\/legal-mentions\/\"]}]},{\"@type\":\"BreadcrumbList\",\"@id\":\"https:\/\/www.gordonblair.com\/fr\/legal-mentions\/#breadcrumb\",\"itemListElement\":[{\"@type\":\"ListItem\",\"position\":1,\"name\":\"Accueil\",\"item\":\"https:\/\/www.gordonblair.com\/fr\/\"},{\"@type\":\"ListItem\",\"position\":2,\"name\":\"Mentions l\u00e9gales et politique de confidentialit\u00e9\"}]},{\"@type\":\"WebSite\",\"@id\":\"https:\/\/www.gordonblair.com\/fr\/#website\",\"url\":\"https:\/\/www.gordonblair.com\/fr\/\",\"name\":\"Gordon's Blair\",\"description\":\"Un cabinet juridique et fiscal multidisciplinaire, d\u00e9di\u00e9 \u00e0 diff\u00e9rentes pratiques du droit\",\"publisher\":{\"@id\":\"https:\/\/www.gordonblair.com\/fr\/#organization\"},\"potentialAction\":[{\"@type\":\"SearchAction\",\"target\":{\"@type\":\"EntryPoint\",\"urlTemplate\":\"https:\/\/www.gordonblair.com\/fr\/?s={search_term_string}\"},\"query-input\":{\"@type\":\"PropertyValueSpecification\",\"valueRequired\":true,\"valueName\":\"search_term_string\"}}],\"inLanguage\":\"fr-FR\"},{\"@type\":\"Organization\",\"@id\":\"https:\/\/www.gordonblair.com\/fr\/#organization\",\"name\":\"Gordon's Blair\",\"url\":\"https:\/\/www.gordonblair.com\/fr\/\",\"logo\":{\"@type\":\"ImageObject\",\"inLanguage\":\"fr-FR\",\"@id\":\"https:\/\/www.gordonblair.com\/fr\/#\/schema\/logo\/image\/\",\"url\":\"https:\/\/www.gordonblair.com\/wp-content\/uploads\/2013\/02\/avocat-monco-attorney-gordon-blair11-300x75-1.png\",\"contentUrl\":\"https:\/\/www.gordonblair.com\/wp-content\/uploads\/2013\/02\/avocat-monco-attorney-gordon-blair11-300x75-1.png\",\"width\":300,\"height\":75,\"caption\":\"Gordon's Blair\"},\"image\":{\"@id\":\"https:\/\/www.gordonblair.com\/fr\/#\/schema\/logo\/image\/\"}}]}<\/script>\n<!-- \/ Yoast SEO plugin. -->","yoast_head_json":{"title":"Mentions l\u00e9gales et politique de confidentialit\u00e9 - Gordon&#039;s Blair","robots":{"index":"index","follow":"follow","max-snippet":"max-snippet:-1","max-image-preview":"max-image-preview:large","max-video-preview":"max-video-preview:-1"},"canonical":"https:\/\/www.gordonblair.com\/fr\/legal-mentions\/","og_locale":"fr_FR","og_type":"article","og_title":"Mentions l\u00e9gales et politique de confidentialit\u00e9 - Gordon&#039;s Blair","og_description":"Mentions l\u00e9gales Le site gordonblair.com (ci-apr\u00e8s le \u00ab site \u00bb) est \u00e9dit\u00e9 par GORDON S. BLAIR LAW OFFICES \/ SOMODECO S.A.M., Soci\u00e9t\u00e9 Anonyme Mon\u00e9gasque, au capital social de 150 000 euros, au num\u00e9ro RC 79S01727, au code NAF 6910Z, dont le si\u00e8ge social est situ\u00e9 7 Rue du Gabian &#8211; BP 449 &#8211; 98011 Monaco [&hellip;]","og_url":"https:\/\/www.gordonblair.com\/fr\/legal-mentions\/","og_site_name":"Gordon&#039;s Blair","article_modified_time":"2023-10-24T09:17:54+00:00","twitter_card":"summary_large_image","twitter_misc":{"Dur\u00e9e de lecture estim\u00e9e":"1 minute"},"schema":{"@context":"https:\/\/schema.org","@graph":[{"@type":"WebPage","@id":"https:\/\/www.gordonblair.com\/fr\/legal-mentions\/","url":"https:\/\/www.gordonblair.com\/fr\/legal-mentions\/","name":"Mentions l\u00e9gales et politique de confidentialit\u00e9 - Gordon&#039;s Blair","isPartOf":{"@id":"https:\/\/www.gordonblair.com\/fr\/#website"},"datePublished":"2023-04-28T10:05:11+00:00","dateModified":"2023-10-24T09:17:54+00:00","breadcrumb":{"@id":"https:\/\/www.gordonblair.com\/fr\/legal-mentions\/#breadcrumb"},"inLanguage":"fr-FR","potentialAction":[{"@type":"ReadAction","target":["https:\/\/www.gordonblair.com\/fr\/legal-mentions\/"]}]},{"@type":"BreadcrumbList","@id":"https:\/\/www.gordonblair.com\/fr\/legal-mentions\/#breadcrumb","itemListElement":[{"@type":"ListItem","position":1,"name":"Accueil","item":"https:\/\/www.gordonblair.com\/fr\/"},{"@type":"ListItem","position":2,"name":"Mentions l\u00e9gales et politique de confidentialit\u00e9"}]},{"@type":"WebSite","@id":"https:\/\/www.gordonblair.com\/fr\/#website","url":"https:\/\/www.gordonblair.com\/fr\/","name":"Gordon's Blair","description":"Un cabinet juridique et fiscal multidisciplinaire, d\u00e9di\u00e9 \u00e0 diff\u00e9rentes pratiques du droit","publisher":{"@id":"https:\/\/www.gordonblair.com\/fr\/#organization"},"potentialAction":[{"@type":"SearchAction","target":{"@type":"EntryPoint","urlTemplate":"https:\/\/www.gordonblair.com\/fr\/?s={search_term_string}"},"query-input":{"@type":"PropertyValueSpecification","valueRequired":true,"valueName":"search_term_string"}}],"inLanguage":"fr-FR"},{"@type":"Organization","@id":"https:\/\/www.gordonblair.com\/fr\/#organization","name":"Gordon's Blair","url":"https:\/\/www.gordonblair.com\/fr\/","logo":{"@type":"ImageObject","inLanguage":"fr-FR","@id":"https:\/\/www.gordonblair.com\/fr\/#\/schema\/logo\/image\/","url":"https:\/\/www.gordonblair.com\/wp-content\/uploads\/2013\/02\/avocat-monco-attorney-gordon-blair11-300x75-1.png","contentUrl":"https:\/\/www.gordonblair.com\/wp-content\/uploads\/2013\/02\/avocat-monco-attorney-gordon-blair11-300x75-1.png","width":300,"height":75,"caption":"Gordon's Blair"},"image":{"@id":"https:\/\/www.gordonblair.com\/fr\/#\/schema\/logo\/image\/"}}]}},"_links":{"self":[{"href":"https:\/\/www.gordonblair.com\/fr\/wp-json\/wp\/v2\/pages\/5813","targetHints":{"allow":["GET"]}}],"collection":[{"href":"https:\/\/www.gordonblair.com\/fr\/wp-json\/wp\/v2\/pages"}],"about":[{"href":"https:\/\/www.gordonblair.com\/fr\/wp-json\/wp\/v2\/types\/page"}],"author":[{"embeddable":true,"href":"https:\/\/www.gordonblair.com\/fr\/wp-json\/wp\/v2\/users\/1"}],"replies":[{"embeddable":true,"href":"https:\/\/www.gordonblair.com\/fr\/wp-json\/wp\/v2\/comments?post=5813"}],"version-history":[{"count":24,"href":"https:\/\/www.gordonblair.com\/fr\/wp-json\/wp\/v2\/pages\/5813\/revisions"}],"predecessor-version":[{"id":7278,"href":"https:\/\/www.gordonblair.com\/fr\/wp-json\/wp\/v2\/pages\/5813\/revisions\/7278"}],"wp:attachment":[{"href":"https:\/\/www.gordonblair.com\/fr\/wp-json\/wp\/v2\/media?parent=5813"}],"curies":[{"name":"wp","href":"https:\/\/api.w.org\/{rel}","templated":true}]}}