
{"id":5818,"date":"2023-04-28T12:06:46","date_gmt":"2023-04-28T10:06:46","guid":{"rendered":"https:\/\/www.gordonblair.com\/what-are-your-rights\/"},"modified":"2023-04-28T12:07:16","modified_gmt":"2023-04-28T10:07:16","slug":"what-are-your-rights","status":"publish","type":"page","link":"https:\/\/www.gordonblair.com\/fr\/what-are-your-rights\/","title":{"rendered":"Quels sont vos droits ?"},"content":{"rendered":"<p>Vous pouvez exercer vos droits d\u2019acc\u00e8s, d\u2019opposition, de suppression et de rectification de vos informations nominatives \u00e0 tout moment en proc\u00e9dant de la fa\u00e7on suivante:<\/p>\n<p>1. Imprimer, suivant votre situation, l\u2019un des deux formulaires ci-dessous :<br \/>\nDemande concernant les informations nominatives.<br \/>\nDemande des ayants-droits concernant les donn\u00e9es personnelles.<br \/>\n2. Remplissez le formulaire en indiquant votre num\u00e9ro de compte client Monaco Telecom, si vous \u00eates client, les services concern\u00e9s, les diff\u00e9rentes informations nominatives n\u00e9cessaires \u00e0 votre identification certaine et en indiquant l\u2019objet de votre demande.<br \/>\n3. Retournez le formulaire, une fois compl\u00e9t\u00e9, en n\u2019oubliant pas d\u2019y joindre une copie de votre pi\u00e8ce d\u2019identit\u00e9 ou tout \u00e9l\u00e9ment probant, \u00e0 l\u2019adresse suivante:<\/p>\n<p>Monaco Telecom<br \/>\n4\/6 avenue Albert II<br \/>\nZone F \u2013 8\u00e8me \u00e9tage<br \/>\n98000 Monaco<\/p>\n<p>Vous pouvez aussi envoyer votre demande \u00e0 l\u2019adresse e-mail de notre d\u00e9l\u00e9gu\u00e9 \u00e0 la protection des donn\u00e9es : dpo@monaco-telecom.mc<br \/>\nLa copie de votre pi\u00e8ce d\u2019identit\u00e9 n\u2019a pour but que de permettre \u00e0 Monaco Telecom de v\u00e9rifier votre identit\u00e9. Elle sera conserv\u00e9e pendant le d\u00e9lai de prescription pr\u00e9vu par la loi. Une r\u00e9ponse vous sera adress\u00e9e dans un d\u00e9lai d\u2019un mois \u00e0 compter de la r\u00e9ception de votre demande. La copie de votre pi\u00e8ce d\u2019identit\u00e9 sera d\u00e9truite d\u00e8s la demande trait\u00e9e.<\/p>\n<p>Si vous n\u2019\u00eates pas satisfait de vos \u00e9changes avec Monaco Telecom, vous avez la possibilit\u00e9 d\u2019introduire une r\u00e9clamation aupr\u00e8s de la Commission de Contr\u00f4le des Informations Nominatives (CCIN), l\u2019autorit\u00e9 de contr\u00f4le mon\u00e9gasque en la mati\u00e8re, \u00e0 l\u2019adresse postale suivante :<br \/>\nCommission de Contr\u00f4le des Informations Nominatives<br \/>\n12, Avenue de Fontvieille<br \/>\n98000 \u2013 Monaco<\/p>\n","protected":false},"excerpt":{"rendered":"<p>Vous pouvez exercer vos droits d\u2019acc\u00e8s, d\u2019opposition, de suppression et de rectification de vos informations nominatives \u00e0 tout moment en proc\u00e9dant de la fa\u00e7on suivante: 1. Imprimer, suivant votre situation, l\u2019un des deux formulaires ci-dessous : Demande concernant les informations nominatives. Demande des ayants-droits concernant les donn\u00e9es personnelles. 2. Remplissez le formulaire en indiquant votre [&hellip;]<\/p>\n","protected":false},"author":1,"featured_media":0,"parent":0,"menu_order":6,"comment_status":"closed","ping_status":"closed","template":"","meta":{"_acf_changed":false,"footnotes":""},"class_list":["post-5818","page","type-page","status-publish","hentry"],"acf":[],"yoast_head":"<!-- This site is optimized with the Yoast SEO plugin v27.2 - https:\/\/yoast.com\/product\/yoast-seo-wordpress\/ -->\n<title>Quels sont vos droits ? - Gordon&#039;s Blair<\/title>\n<meta name=\"robots\" content=\"index, follow, max-snippet:-1, max-image-preview:large, max-video-preview:-1\" \/>\n<link rel=\"canonical\" href=\"https:\/\/www.gordonblair.com\/fr\/what-are-your-rights\/\" \/>\n<meta property=\"og:locale\" content=\"fr_FR\" \/>\n<meta property=\"og:type\" content=\"article\" \/>\n<meta property=\"og:title\" content=\"Quels sont vos droits ? - Gordon&#039;s Blair\" \/>\n<meta property=\"og:description\" content=\"Vous pouvez exercer vos droits d\u2019acc\u00e8s, d\u2019opposition, de suppression et de rectification de vos informations nominatives \u00e0 tout moment en proc\u00e9dant de la fa\u00e7on suivante: 1. Imprimer, suivant votre situation, l\u2019un des deux formulaires ci-dessous : Demande concernant les informations nominatives. Demande des ayants-droits concernant les donn\u00e9es personnelles. 2. Remplissez le formulaire en indiquant votre [&hellip;]\" \/>\n<meta property=\"og:url\" content=\"https:\/\/www.gordonblair.com\/fr\/what-are-your-rights\/\" \/>\n<meta property=\"og:site_name\" content=\"Gordon&#039;s Blair\" \/>\n<meta property=\"article:modified_time\" content=\"2023-04-28T10:07:16+00:00\" \/>\n<meta name=\"twitter:card\" content=\"summary_large_image\" \/>\n<meta name=\"twitter:label1\" content=\"Dur\u00e9e de lecture estim\u00e9e\" \/>\n\t<meta name=\"twitter:data1\" content=\"2 minutes\" \/>\n<script type=\"application\/ld+json\" class=\"yoast-schema-graph\">{\"@context\":\"https:\/\/schema.org\",\"@graph\":[{\"@type\":\"WebPage\",\"@id\":\"https:\/\/www.gordonblair.com\/fr\/what-are-your-rights\/\",\"url\":\"https:\/\/www.gordonblair.com\/fr\/what-are-your-rights\/\",\"name\":\"Quels sont vos droits ? - Gordon&#039;s Blair\",\"isPartOf\":{\"@id\":\"https:\/\/www.gordonblair.com\/fr\/#website\"},\"datePublished\":\"2023-04-28T10:06:46+00:00\",\"dateModified\":\"2023-04-28T10:07:16+00:00\",\"breadcrumb\":{\"@id\":\"https:\/\/www.gordonblair.com\/fr\/what-are-your-rights\/#breadcrumb\"},\"inLanguage\":\"fr-FR\",\"potentialAction\":[{\"@type\":\"ReadAction\",\"target\":[\"https:\/\/www.gordonblair.com\/fr\/what-are-your-rights\/\"]}]},{\"@type\":\"BreadcrumbList\",\"@id\":\"https:\/\/www.gordonblair.com\/fr\/what-are-your-rights\/#breadcrumb\",\"itemListElement\":[{\"@type\":\"ListItem\",\"position\":1,\"name\":\"Accueil\",\"item\":\"https:\/\/www.gordonblair.com\/fr\/\"},{\"@type\":\"ListItem\",\"position\":2,\"name\":\"Quels sont vos droits ?\"}]},{\"@type\":\"WebSite\",\"@id\":\"https:\/\/www.gordonblair.com\/fr\/#website\",\"url\":\"https:\/\/www.gordonblair.com\/fr\/\",\"name\":\"Gordon's Blair\",\"description\":\"Un cabinet juridique et fiscal multidisciplinaire, d\u00e9di\u00e9 \u00e0 diff\u00e9rentes pratiques du droit\",\"publisher\":{\"@id\":\"https:\/\/www.gordonblair.com\/fr\/#organization\"},\"potentialAction\":[{\"@type\":\"SearchAction\",\"target\":{\"@type\":\"EntryPoint\",\"urlTemplate\":\"https:\/\/www.gordonblair.com\/fr\/?s={search_term_string}\"},\"query-input\":{\"@type\":\"PropertyValueSpecification\",\"valueRequired\":true,\"valueName\":\"search_term_string\"}}],\"inLanguage\":\"fr-FR\"},{\"@type\":\"Organization\",\"@id\":\"https:\/\/www.gordonblair.com\/fr\/#organization\",\"name\":\"Gordon's Blair\",\"url\":\"https:\/\/www.gordonblair.com\/fr\/\",\"logo\":{\"@type\":\"ImageObject\",\"inLanguage\":\"fr-FR\",\"@id\":\"https:\/\/www.gordonblair.com\/fr\/#\/schema\/logo\/image\/\",\"url\":\"https:\/\/www.gordonblair.com\/wp-content\/uploads\/2013\/02\/avocat-monco-attorney-gordon-blair11-300x75-1.png\",\"contentUrl\":\"https:\/\/www.gordonblair.com\/wp-content\/uploads\/2013\/02\/avocat-monco-attorney-gordon-blair11-300x75-1.png\",\"width\":300,\"height\":75,\"caption\":\"Gordon's Blair\"},\"image\":{\"@id\":\"https:\/\/www.gordonblair.com\/fr\/#\/schema\/logo\/image\/\"}}]}<\/script>\n<!-- \/ Yoast SEO plugin. -->","yoast_head_json":{"title":"Quels sont vos droits ? - Gordon&#039;s Blair","robots":{"index":"index","follow":"follow","max-snippet":"max-snippet:-1","max-image-preview":"max-image-preview:large","max-video-preview":"max-video-preview:-1"},"canonical":"https:\/\/www.gordonblair.com\/fr\/what-are-your-rights\/","og_locale":"fr_FR","og_type":"article","og_title":"Quels sont vos droits ? - Gordon&#039;s Blair","og_description":"Vous pouvez exercer vos droits d\u2019acc\u00e8s, d\u2019opposition, de suppression et de rectification de vos informations nominatives \u00e0 tout moment en proc\u00e9dant de la fa\u00e7on suivante: 1. Imprimer, suivant votre situation, l\u2019un des deux formulaires ci-dessous : Demande concernant les informations nominatives. Demande des ayants-droits concernant les donn\u00e9es personnelles. 2. Remplissez le formulaire en indiquant votre [&hellip;]","og_url":"https:\/\/www.gordonblair.com\/fr\/what-are-your-rights\/","og_site_name":"Gordon&#039;s Blair","article_modified_time":"2023-04-28T10:07:16+00:00","twitter_card":"summary_large_image","twitter_misc":{"Dur\u00e9e de lecture estim\u00e9e":"2 minutes"},"schema":{"@context":"https:\/\/schema.org","@graph":[{"@type":"WebPage","@id":"https:\/\/www.gordonblair.com\/fr\/what-are-your-rights\/","url":"https:\/\/www.gordonblair.com\/fr\/what-are-your-rights\/","name":"Quels sont vos droits ? - Gordon&#039;s Blair","isPartOf":{"@id":"https:\/\/www.gordonblair.com\/fr\/#website"},"datePublished":"2023-04-28T10:06:46+00:00","dateModified":"2023-04-28T10:07:16+00:00","breadcrumb":{"@id":"https:\/\/www.gordonblair.com\/fr\/what-are-your-rights\/#breadcrumb"},"inLanguage":"fr-FR","potentialAction":[{"@type":"ReadAction","target":["https:\/\/www.gordonblair.com\/fr\/what-are-your-rights\/"]}]},{"@type":"BreadcrumbList","@id":"https:\/\/www.gordonblair.com\/fr\/what-are-your-rights\/#breadcrumb","itemListElement":[{"@type":"ListItem","position":1,"name":"Accueil","item":"https:\/\/www.gordonblair.com\/fr\/"},{"@type":"ListItem","position":2,"name":"Quels sont vos droits ?"}]},{"@type":"WebSite","@id":"https:\/\/www.gordonblair.com\/fr\/#website","url":"https:\/\/www.gordonblair.com\/fr\/","name":"Gordon's Blair","description":"Un cabinet juridique et fiscal multidisciplinaire, d\u00e9di\u00e9 \u00e0 diff\u00e9rentes pratiques du droit","publisher":{"@id":"https:\/\/www.gordonblair.com\/fr\/#organization"},"potentialAction":[{"@type":"SearchAction","target":{"@type":"EntryPoint","urlTemplate":"https:\/\/www.gordonblair.com\/fr\/?s={search_term_string}"},"query-input":{"@type":"PropertyValueSpecification","valueRequired":true,"valueName":"search_term_string"}}],"inLanguage":"fr-FR"},{"@type":"Organization","@id":"https:\/\/www.gordonblair.com\/fr\/#organization","name":"Gordon's Blair","url":"https:\/\/www.gordonblair.com\/fr\/","logo":{"@type":"ImageObject","inLanguage":"fr-FR","@id":"https:\/\/www.gordonblair.com\/fr\/#\/schema\/logo\/image\/","url":"https:\/\/www.gordonblair.com\/wp-content\/uploads\/2013\/02\/avocat-monco-attorney-gordon-blair11-300x75-1.png","contentUrl":"https:\/\/www.gordonblair.com\/wp-content\/uploads\/2013\/02\/avocat-monco-attorney-gordon-blair11-300x75-1.png","width":300,"height":75,"caption":"Gordon's Blair"},"image":{"@id":"https:\/\/www.gordonblair.com\/fr\/#\/schema\/logo\/image\/"}}]}},"_links":{"self":[{"href":"https:\/\/www.gordonblair.com\/fr\/wp-json\/wp\/v2\/pages\/5818","targetHints":{"allow":["GET"]}}],"collection":[{"href":"https:\/\/www.gordonblair.com\/fr\/wp-json\/wp\/v2\/pages"}],"about":[{"href":"https:\/\/www.gordonblair.com\/fr\/wp-json\/wp\/v2\/types\/page"}],"author":[{"embeddable":true,"href":"https:\/\/www.gordonblair.com\/fr\/wp-json\/wp\/v2\/users\/1"}],"replies":[{"embeddable":true,"href":"https:\/\/www.gordonblair.com\/fr\/wp-json\/wp\/v2\/comments?post=5818"}],"version-history":[{"count":1,"href":"https:\/\/www.gordonblair.com\/fr\/wp-json\/wp\/v2\/pages\/5818\/revisions"}],"predecessor-version":[{"id":5819,"href":"https:\/\/www.gordonblair.com\/fr\/wp-json\/wp\/v2\/pages\/5818\/revisions\/5819"}],"wp:attachment":[{"href":"https:\/\/www.gordonblair.com\/fr\/wp-json\/wp\/v2\/media?parent=5818"}],"curies":[{"name":"wp","href":"https:\/\/api.w.org\/{rel}","templated":true}]}}