
{"id":616,"date":"2022-07-14T13:48:19","date_gmt":"2022-07-14T11:48:19","guid":{"rendered":"https:\/\/www.gordonblair.com\/monaco-en-quelques-lignes\/"},"modified":"2023-06-20T16:41:52","modified_gmt":"2023-06-20T14:41:52","slug":"monaco-en-quelques-lignes","status":"publish","type":"page","link":"https:\/\/www.gordonblair.com\/fr\/monaco-en-quelques-lignes\/","title":{"rendered":"Monaco<\/br>Un environnement exceptionnel pour la gestion des affaires familiales"},"content":{"rendered":"<p>\u00c9tat souverain ind\u00e9pendant au c\u0153ur de l\u2019Europe, Monaco offre une qualit\u00e9 de vie exceptionnelle et un environnement juridique et fiscal extr\u00eamement attractif pour \u00e9tablir sa r\u00e9sidence et d\u00e9velopper ses affaires.<\/p>\n<p>&nbsp;<\/p>\n<p>Cette attractivit\u00e9 est le fruit d\u2019une stabilit\u00e9 exceptionnelle, \u00e0 la fois politique, juridique et budg\u00e9taire.<\/p>\n<p>&nbsp;<\/p>\n<p>Acteur majeur du bassin d\u2019emploi nord-m\u00e9diterran\u00e9en, appr\u00e9ci\u00e9 pour son climat, ses infrastructures, ses transports, sa s\u00e9curit\u00e9, ou encore ses syst\u00e8mes \u00e9ducatifs et de sant\u00e9, Monaco a fond\u00e9 son mod\u00e8le sur une politique budg\u00e9taire saine et \u00e9quilibr\u00e9e, qui lui permet d\u2019offrir de tr\u00e8s nombreux avantages fiscaux \u00e0 ses r\u00e9sidents.<\/p>\n<p>&nbsp;<\/p>\n<p>Monaco est signataire de nombre de conventions ou d\u2019accords qui lui assurent la reconnaissance de la communaut\u00e9 internationale et garantissent un cadre protecteur \u00e0 ses r\u00e9sidents et \u00e0 ses entreprises.<\/p>\n<p>&nbsp;<\/p>\n<p>Monaco est enfin un centre \u00e9conomique et financier international, dot\u00e9 d\u2019un \u00e9cosyst\u00e8me vertueux, qui favorise la cr\u00e9ation et le d\u00e9veloppement de projets entrepreneuriaux et la gestion des affaires familiales et patrimoniales les plus sophistiqu\u00e9es.<\/p>\n<p>&nbsp;<\/p>\n<p>Avec une population r\u00e9sidente d\u2019environ 39 000 personnes, repr\u00e9sentant plus de 120 nationalit\u00e9s diff\u00e9rentes, la Principaut\u00e9 est un lieu de rencontres et d\u2019\u00e9changes. Des \u00e9v\u00e8nements sportifs et culturels embl\u00e9matiques conf\u00e8rent \u00e0 ce petit Etat une notori\u00e9t\u00e9 exceptionnelle.<\/p>\n<p>&nbsp;<\/p>\n<p>Monaco est aussi le d\u00e9cor privil\u00e9gi\u00e9 de nombreuses \u0153uvres cin\u00e9matographiques\u00a0 auquel le cabinet Gordon S. Blair a souhait\u00e9 rendre hommage en cr\u00e9ant une iconographie inspir\u00e9e de grands classiques du cin\u00e9ma international.<\/p>\n","protected":false},"excerpt":{"rendered":"<p>\u00c9tat souverain ind\u00e9pendant au c\u0153ur de l\u2019Europe, Monaco offre une qualit\u00e9 de vie exceptionnelle et un environnement juridique et fiscal extr\u00eamement attractif pour \u00e9tablir sa r\u00e9sidence et d\u00e9velopper ses affaires. &nbsp; Cette attractivit\u00e9 est le fruit d\u2019une stabilit\u00e9 exceptionnelle, \u00e0 la fois politique, juridique et budg\u00e9taire. &nbsp; Acteur majeur du bassin d\u2019emploi nord-m\u00e9diterran\u00e9en, appr\u00e9ci\u00e9 pour [&hellip;]<\/p>\n","protected":false},"author":1,"featured_media":0,"parent":0,"menu_order":19,"comment_status":"closed","ping_status":"closed","template":"","meta":{"_acf_changed":false,"footnotes":""},"class_list":["post-616","page","type-page","status-publish","hentry"],"acf":[],"yoast_head":"<!-- This site is optimized with the Yoast SEO plugin v27.2 - https:\/\/yoast.com\/product\/yoast-seo-wordpress\/ -->\n<title>MonacoUn environnement exceptionnel pour la gestion des affaires familiales - Gordon&#039;s Blair<\/title>\n<meta name=\"robots\" content=\"index, follow, max-snippet:-1, max-image-preview:large, max-video-preview:-1\" \/>\n<link rel=\"canonical\" href=\"https:\/\/www.gordonblair.com\/fr\/monaco-en-quelques-lignes\/\" \/>\n<meta property=\"og:locale\" content=\"fr_FR\" \/>\n<meta property=\"og:type\" content=\"article\" \/>\n<meta property=\"og:title\" content=\"MonacoUn environnement exceptionnel pour la gestion des affaires familiales - Gordon&#039;s Blair\" \/>\n<meta property=\"og:description\" content=\"\u00c9tat souverain ind\u00e9pendant au c\u0153ur de l\u2019Europe, Monaco offre une qualit\u00e9 de vie exceptionnelle et un environnement juridique et fiscal extr\u00eamement attractif pour \u00e9tablir sa r\u00e9sidence et d\u00e9velopper ses affaires. &nbsp; Cette attractivit\u00e9 est le fruit d\u2019une stabilit\u00e9 exceptionnelle, \u00e0 la fois politique, juridique et budg\u00e9taire. &nbsp; Acteur majeur du bassin d\u2019emploi nord-m\u00e9diterran\u00e9en, appr\u00e9ci\u00e9 pour [&hellip;]\" \/>\n<meta property=\"og:url\" content=\"https:\/\/www.gordonblair.com\/fr\/monaco-en-quelques-lignes\/\" \/>\n<meta property=\"og:site_name\" content=\"Gordon&#039;s Blair\" \/>\n<meta property=\"article:modified_time\" content=\"2023-06-20T14:41:52+00:00\" \/>\n<meta name=\"twitter:card\" content=\"summary_large_image\" \/>\n<meta name=\"twitter:label1\" content=\"Dur\u00e9e de lecture estim\u00e9e\" \/>\n\t<meta name=\"twitter:data1\" content=\"1 minute\" \/>\n<script type=\"application\/ld+json\" class=\"yoast-schema-graph\">{\"@context\":\"https:\/\/schema.org\",\"@graph\":[{\"@type\":\"WebPage\",\"@id\":\"https:\/\/www.gordonblair.com\/fr\/monaco-en-quelques-lignes\/\",\"url\":\"https:\/\/www.gordonblair.com\/fr\/monaco-en-quelques-lignes\/\",\"name\":\"MonacoUn environnement exceptionnel pour la gestion des affaires familiales - Gordon&#039;s Blair\",\"isPartOf\":{\"@id\":\"https:\/\/www.gordonblair.com\/fr\/#website\"},\"datePublished\":\"2022-07-14T11:48:19+00:00\",\"dateModified\":\"2023-06-20T14:41:52+00:00\",\"breadcrumb\":{\"@id\":\"https:\/\/www.gordonblair.com\/fr\/monaco-en-quelques-lignes\/#breadcrumb\"},\"inLanguage\":\"fr-FR\",\"potentialAction\":[{\"@type\":\"ReadAction\",\"target\":[\"https:\/\/www.gordonblair.com\/fr\/monaco-en-quelques-lignes\/\"]}]},{\"@type\":\"BreadcrumbList\",\"@id\":\"https:\/\/www.gordonblair.com\/fr\/monaco-en-quelques-lignes\/#breadcrumb\",\"itemListElement\":[{\"@type\":\"ListItem\",\"position\":1,\"name\":\"Accueil\",\"item\":\"https:\/\/www.gordonblair.com\/fr\/\"},{\"@type\":\"ListItem\",\"position\":2,\"name\":\"MonacoUn environnement exceptionnel pour la gestion des affaires familiales\"}]},{\"@type\":\"WebSite\",\"@id\":\"https:\/\/www.gordonblair.com\/fr\/#website\",\"url\":\"https:\/\/www.gordonblair.com\/fr\/\",\"name\":\"Gordon's Blair\",\"description\":\"Un cabinet juridique et fiscal multidisciplinaire, d\u00e9di\u00e9 \u00e0 diff\u00e9rentes pratiques du droit\",\"publisher\":{\"@id\":\"https:\/\/www.gordonblair.com\/fr\/#organization\"},\"potentialAction\":[{\"@type\":\"SearchAction\",\"target\":{\"@type\":\"EntryPoint\",\"urlTemplate\":\"https:\/\/www.gordonblair.com\/fr\/?s={search_term_string}\"},\"query-input\":{\"@type\":\"PropertyValueSpecification\",\"valueRequired\":true,\"valueName\":\"search_term_string\"}}],\"inLanguage\":\"fr-FR\"},{\"@type\":\"Organization\",\"@id\":\"https:\/\/www.gordonblair.com\/fr\/#organization\",\"name\":\"Gordon's Blair\",\"url\":\"https:\/\/www.gordonblair.com\/fr\/\",\"logo\":{\"@type\":\"ImageObject\",\"inLanguage\":\"fr-FR\",\"@id\":\"https:\/\/www.gordonblair.com\/fr\/#\/schema\/logo\/image\/\",\"url\":\"https:\/\/www.gordonblair.com\/wp-content\/uploads\/2013\/02\/avocat-monco-attorney-gordon-blair11-300x75-1.png\",\"contentUrl\":\"https:\/\/www.gordonblair.com\/wp-content\/uploads\/2013\/02\/avocat-monco-attorney-gordon-blair11-300x75-1.png\",\"width\":300,\"height\":75,\"caption\":\"Gordon's Blair\"},\"image\":{\"@id\":\"https:\/\/www.gordonblair.com\/fr\/#\/schema\/logo\/image\/\"}}]}<\/script>\n<!-- \/ Yoast SEO plugin. -->","yoast_head_json":{"title":"MonacoUn environnement exceptionnel pour la gestion des affaires familiales - Gordon&#039;s Blair","robots":{"index":"index","follow":"follow","max-snippet":"max-snippet:-1","max-image-preview":"max-image-preview:large","max-video-preview":"max-video-preview:-1"},"canonical":"https:\/\/www.gordonblair.com\/fr\/monaco-en-quelques-lignes\/","og_locale":"fr_FR","og_type":"article","og_title":"MonacoUn environnement exceptionnel pour la gestion des affaires familiales - Gordon&#039;s Blair","og_description":"\u00c9tat souverain ind\u00e9pendant au c\u0153ur de l\u2019Europe, Monaco offre une qualit\u00e9 de vie exceptionnelle et un environnement juridique et fiscal extr\u00eamement attractif pour \u00e9tablir sa r\u00e9sidence et d\u00e9velopper ses affaires. &nbsp; Cette attractivit\u00e9 est le fruit d\u2019une stabilit\u00e9 exceptionnelle, \u00e0 la fois politique, juridique et budg\u00e9taire. &nbsp; Acteur majeur du bassin d\u2019emploi nord-m\u00e9diterran\u00e9en, appr\u00e9ci\u00e9 pour [&hellip;]","og_url":"https:\/\/www.gordonblair.com\/fr\/monaco-en-quelques-lignes\/","og_site_name":"Gordon&#039;s Blair","article_modified_time":"2023-06-20T14:41:52+00:00","twitter_card":"summary_large_image","twitter_misc":{"Dur\u00e9e de lecture estim\u00e9e":"1 minute"},"schema":{"@context":"https:\/\/schema.org","@graph":[{"@type":"WebPage","@id":"https:\/\/www.gordonblair.com\/fr\/monaco-en-quelques-lignes\/","url":"https:\/\/www.gordonblair.com\/fr\/monaco-en-quelques-lignes\/","name":"MonacoUn environnement exceptionnel pour la gestion des affaires familiales - Gordon&#039;s Blair","isPartOf":{"@id":"https:\/\/www.gordonblair.com\/fr\/#website"},"datePublished":"2022-07-14T11:48:19+00:00","dateModified":"2023-06-20T14:41:52+00:00","breadcrumb":{"@id":"https:\/\/www.gordonblair.com\/fr\/monaco-en-quelques-lignes\/#breadcrumb"},"inLanguage":"fr-FR","potentialAction":[{"@type":"ReadAction","target":["https:\/\/www.gordonblair.com\/fr\/monaco-en-quelques-lignes\/"]}]},{"@type":"BreadcrumbList","@id":"https:\/\/www.gordonblair.com\/fr\/monaco-en-quelques-lignes\/#breadcrumb","itemListElement":[{"@type":"ListItem","position":1,"name":"Accueil","item":"https:\/\/www.gordonblair.com\/fr\/"},{"@type":"ListItem","position":2,"name":"MonacoUn environnement exceptionnel pour la gestion des affaires familiales"}]},{"@type":"WebSite","@id":"https:\/\/www.gordonblair.com\/fr\/#website","url":"https:\/\/www.gordonblair.com\/fr\/","name":"Gordon's Blair","description":"Un cabinet juridique et fiscal multidisciplinaire, d\u00e9di\u00e9 \u00e0 diff\u00e9rentes pratiques du droit","publisher":{"@id":"https:\/\/www.gordonblair.com\/fr\/#organization"},"potentialAction":[{"@type":"SearchAction","target":{"@type":"EntryPoint","urlTemplate":"https:\/\/www.gordonblair.com\/fr\/?s={search_term_string}"},"query-input":{"@type":"PropertyValueSpecification","valueRequired":true,"valueName":"search_term_string"}}],"inLanguage":"fr-FR"},{"@type":"Organization","@id":"https:\/\/www.gordonblair.com\/fr\/#organization","name":"Gordon's Blair","url":"https:\/\/www.gordonblair.com\/fr\/","logo":{"@type":"ImageObject","inLanguage":"fr-FR","@id":"https:\/\/www.gordonblair.com\/fr\/#\/schema\/logo\/image\/","url":"https:\/\/www.gordonblair.com\/wp-content\/uploads\/2013\/02\/avocat-monco-attorney-gordon-blair11-300x75-1.png","contentUrl":"https:\/\/www.gordonblair.com\/wp-content\/uploads\/2013\/02\/avocat-monco-attorney-gordon-blair11-300x75-1.png","width":300,"height":75,"caption":"Gordon's Blair"},"image":{"@id":"https:\/\/www.gordonblair.com\/fr\/#\/schema\/logo\/image\/"}}]}},"_links":{"self":[{"href":"https:\/\/www.gordonblair.com\/fr\/wp-json\/wp\/v2\/pages\/616","targetHints":{"allow":["GET"]}}],"collection":[{"href":"https:\/\/www.gordonblair.com\/fr\/wp-json\/wp\/v2\/pages"}],"about":[{"href":"https:\/\/www.gordonblair.com\/fr\/wp-json\/wp\/v2\/types\/page"}],"author":[{"embeddable":true,"href":"https:\/\/www.gordonblair.com\/fr\/wp-json\/wp\/v2\/users\/1"}],"replies":[{"embeddable":true,"href":"https:\/\/www.gordonblair.com\/fr\/wp-json\/wp\/v2\/comments?post=616"}],"version-history":[{"count":10,"href":"https:\/\/www.gordonblair.com\/fr\/wp-json\/wp\/v2\/pages\/616\/revisions"}],"predecessor-version":[{"id":6116,"href":"https:\/\/www.gordonblair.com\/fr\/wp-json\/wp\/v2\/pages\/616\/revisions\/6116"}],"wp:attachment":[{"href":"https:\/\/www.gordonblair.com\/fr\/wp-json\/wp\/v2\/media?parent=616"}],"curies":[{"name":"wp","href":"https:\/\/api.w.org\/{rel}","templated":true}]}}