
{"id":7280,"date":"2023-10-24T10:53:21","date_gmt":"2023-10-24T08:53:21","guid":{"rendered":"https:\/\/www.gordonblair.com\/?page_id=7280"},"modified":"2023-10-24T11:39:27","modified_gmt":"2023-10-24T09:39:27","slug":"charte-des-cookies","status":"publish","type":"page","link":"https:\/\/www.gordonblair.com\/fr\/charte-des-cookies\/","title":{"rendered":"Charte des cookies"},"content":{"rendered":"<p><strong>Qu&rsquo;est-ce qu&rsquo;un cookie ?<\/strong><\/p>\n<p>Un \u00ab cookie \u00bb ou \u00ab traceur \u00bb est un fichier de faible taille, g\u00e9n\u00e9ralement constitu\u00e9 de lettres et de chiffres, cr\u00e9\u00e9 et stock\u00e9 dans la m\u00e9moire de votre navigateur situ\u00e9 sur le disque dur de votre appareil (ordinateur, tablette, t\u00e9l\u00e9phone mobile) lors de la navigation d\u2019un site internet, de la lecture d\u2019un courrier \u00e9lectronique, de l\u2019installation ou de l\u2019utilisation d\u2019un logiciel ou d\u2019une application mobile. Les cookies permettent de conserver temporairement des informations de fa\u00e7on anonyme \u00e0 propos de l\u2019utilisation et des utilisateurs d\u2019un site internet. Les cookies ont un r\u00f4le essentiel et nous permettent d\u2019am\u00e9liorer et de personnaliser votre navigation sur notre Site, par exemple en vous proposant les contenus qui correspondent le plus \u00e0 vos centres d\u2019int\u00e9r\u00eat. La dur\u00e9e de conservation des cookies peut diff\u00e9rer selon le type de cookie \u00e0 savoir des cookies de session ou cookie permanent. Vous pouvez trouver plus d\u2019informations sur les cookies pr\u00e9sents sur notre Site ci-dessous.<\/p>\n<p>Il existe diff\u00e9rents types de cookies, par exemple\u00a0:<\/p>\n<ul>\n<li><strong>Les cookies techniques\/fonctionnels<\/strong>\u00a0: ils sont utilis\u00e9s pour permettre d\u2019identifier les services et les rubriques que l\u2019utilisateur a visit\u00e9s sur un site, pour faciliter la navigation sur le site, pour permettre aux utilisateurs de b\u00e9n\u00e9ficier de certaines fonctionnalit\u00e9s \u2013 ils ne peuvent \u00eatre d\u00e9sactiv\u00e9s car n\u00e9cessaire au fonctionnement du site ;<\/li>\n<li><strong>Les cookies de mesure d\u2019audience et de suivi de navigation<\/strong>\u00a0: ils permettent d\u2019analyser le trafic d\u2019un site (nombre d\u2019affichage par page, dur\u00e9e pass\u00e9e sur chaque page, nombre de clics, r\u00e9solution de l\u2019\u00e9cran, langue pr\u00e9f\u00e9r\u00e9e, site visit\u00e9, horodatage des pages visit\u00e9es\u2026), de proposer des offres promotionnelles ou des banni\u00e8res qui apparaissent sur le site plus ou moins cibl\u00e9es, pour offrir des fonctionnalit\u00e9s relatives aux r\u00e9seau et m\u00e9dias sociaux, pour permettre le fonctionnement de certains services, pour mesurer les audiences de services. Les d\u00e9sactiver emp\u00eache donc toute collecte d\u2019informations relatives \u00e0 la navigation sur un site et donc la proposition de contenus \u00e9ditoriaux adapt\u00e9s en fonction de votre navigation\u00a0;<\/li>\n<li><strong>Les cookies d\u2019applications tierces<\/strong>\u00a0: sur certains sites, il existe des applications qui permettent aux utilisateurs de faire conna\u00eetre ou de partager le contenu du site aupr\u00e8s d\u2019autres personnes, et ce en particulier sur les r\u00e9seaux. M\u00eame si l\u2019utilisateur n\u2019utilise pas ces boutons de partage ou applications, il est possible que les r\u00e9seaux sociaux suivent sa navigation si jamais son compte ou session est activ\u00e9e sur son ordinateur \u00e0 ce moment-l\u00e0.<\/li>\n<li><strong>Les cookies de partenaires publicitaires<\/strong>\u00a0: ils sont d\u00e9pos\u00e9s par des soci\u00e9t\u00e9s autres que le site visit\u00e9 qui sont souvent des partenaires commerciaux, prestataires de publicit\u00e9 cibl\u00e9e. Le responsable du site n\u2019a pas de pouvoir d\u2019action sur ces cookies qui sont g\u00e9r\u00e9s par d\u2019autres soci\u00e9t\u00e9s. Seul l\u2019\u00e9metteur d\u2019un cookie peut lire ou modifier les informations de ce cookie. Un site accueillant des partenaires publicitaires est susceptible de leurs transmettre des informations en lien avec vos achats et produits consult\u00e9s si c\u2019est le cas.<\/li>\n<li><strong>Les cookies optionnels<\/strong>\u00a0: ils sont utilis\u00e9s pour permettre l\u2019am\u00e9lioration de l\u2019exp\u00e9rience utilisateur et de faciliter les recherches de l\u2019utilisateur en proposant des produits et offres en lien avec les centres d\u2019int\u00e9r\u00eat de l\u2019utilisateur. Ils ne sont pas indispensables \u00e0 la navigation.<\/li>\n<\/ul>\n<p><strong>\u00a0<\/strong><strong>Quels Cookies utilisent le site de Gordon Blair ?<\/strong><br \/>\nLe site web de Gordon Blair utilise uniquement des\u00a0<strong>cookies fonctionnels<\/strong>.<br \/>\nLe d\u00e9p\u00f4t de cookies fonctionnels ne requiert pas le consentement pr\u00e9alable des internautes<br \/>\nLe site internet de Gordon Blair utilise l\u2019outil tarteaucitron.js pour la gestion de ces cookies.<\/p>\n<p><strong>Pour plus d\u2019information sur les cookies :<\/strong><br \/>\nPour vous guider dans la d\u00e9marche de limiter vos traces sur le web, nous vous invitons \u00e0 consulter les pages suivantes :<\/p>\n<ul>\n<li><a href=\"https:\/\/www.ccin.mc\/fr\/fiches-pratiques\/bonnes-pratiques-en-matiere-de-sites-internet\">https:\/\/www.ccin.mc\/fr\/fiches-pratiques\/bonnes-pratiques-en-matiere-de-sites-internet<\/a><\/li>\n<li><a href=\"http:\/\/www.cnil.fr\/vos-droits\/vos-traces\/les-cookies\/conseils-aux-internautes\/\">http:\/\/www.cnil.fr\/vos-droits\/vos-traces\/les-cookies\/conseils-aux-internautes\/<\/a><\/li>\n<\/ul>\n<p><strong>Gestion des cookies<\/strong><\/p>\n<p>L\u2019installation de cookies sur votre terminal n\u2019est pas obligatoire et vous pouvez\u00a0:<\/p>\n<ul>\n<li>G\u00e9rer vos pr\u00e9f\u00e9rences directement sur le site via le\u00a0Centre de gestion des pr\u00e9f\u00e9rences\u00a0int\u00e9gr\u00e9 au site\u00a0;<\/li>\n<li>Configurer votre navigateur pour qu\u2019il supprime les cookies pr\u00e9alablement d\u00e9pos\u00e9s sur votre terminal et\/ou refuser le d\u00e9p\u00f4t de nouveaux cookies\u00a0;<\/li>\n<li>Configurer votre navigateur pour que celui-ci envoie un code indiquant aux sites web que vous ne souhaitez pas \u00eatre suivi(e)\u00a0;<\/li>\n<li>Utiliser d\u2019autres outils d\u00e9velopp\u00e9s par des tiers permettant \u2013 pour certains cookies \u2013 de s\u00e9lectionner ceux dont vous ne souhaitez pas qu\u2019ils soient d\u00e9pos\u00e9s sur votre terminal.<\/li>\n<\/ul>\n<ol>\n<li><strong> Le centre de gestion des pr\u00e9f\u00e9rences<\/strong><\/li>\n<\/ol>\n<p>Vous pouvez g\u00e9rer vos pr\u00e9f\u00e9rences de cookies d\u00e8s votre arriv\u00e9e sur le site et les modifier \u00e0 tout moment via le centre de gestion des pr\u00e9f\u00e9rences int\u00e9gr\u00e9 au bandeau d\u2019information sur les cookies. Cette solution est \u00e9galement\u00a0accessible en permanence sur le site.<\/p>\n<ol start=\"2\">\n<li><strong> Configurez votre navigateur pour supprimer des cookies ou refuser des cookies \u00e0 venir<\/strong><\/li>\n<\/ol>\n<p>Vos choix ne sont pas d\u00e9finitifs et vous pouvez \u00e0 tout moment les modifier par les moyens d\u00e9crits ci-dessous.<\/p>\n<p>&nbsp;<\/p>\n<table style=\"height: 340px;\" width=\"582\">\n<thead>\n<tr>\n<td style=\"text-align: center;\" colspan=\"2\" width=\"572\"><strong>GOOGLE CHROME<\/strong><\/td>\n<\/tr>\n<\/thead>\n<tbody>\n<tr>\n<td width=\"92\"><strong>Suppression des cookies<\/strong><\/td>\n<td width=\"453\">Cliquez sur le menu dans la barre d\u2019outils, s\u00e9lectionnez Param\u00e8tres puis Afficher les param\u00e8tres avanc\u00e9s.<br \/>\nDans la section Confidentialit\u00e9, cliquez sur Param\u00e8tres de contenu.<br \/>\nDans Cookies, s\u00e9lectionnez Cookies et donn\u00e9es de site. Pour supprimer tous les cookies, cliquez sur Tout supprimer.<\/td>\n<\/tr>\n<tr>\n<td width=\"92\"><strong>Refus des cookies \u00e0 venir<\/strong><\/td>\n<td width=\"453\">Cliquez sur le menu dans la barre d\u2019outils, s\u00e9lectionnez Param\u00e8tres puis Afficher les param\u00e8tres avanc\u00e9s.<br \/>\nDans la section Confidentialit\u00e9, cliquez sur Param\u00e8tres de contenu.<br \/>\nDans\u00a0Cookies, choisissez le niveau de protection souhait\u00e9.<\/td>\n<\/tr>\n<tr>\n<td width=\"92\"><a href=\"https:\/\/support.google.com\/chrome\/answer\/95647?hl=fr\"><strong>Plus d&rsquo;infos<\/strong><\/a><\/td>\n<td width=\"453\"><\/td>\n<\/tr>\n<\/tbody>\n<\/table>\n<p>&nbsp;<\/p>\n<table width=\"0\">\n<thead>\n<tr>\n<td style=\"text-align: center;\" colspan=\"2\" width=\"572\"><strong>MOZILLA FIREFOX<\/strong><\/td>\n<\/tr>\n<\/thead>\n<tbody>\n<tr>\n<td width=\"92\"><strong>Suppression des cookies<\/strong><\/td>\n<td width=\"453\">En haut de la fen\u00eatre de votre navigateur, cliquez sur Outils, puis sur Options, et s\u00e9lectionnez Pr\u00e9f\u00e9rences puis\u00a0Vie priv\u00e9e.<br \/>\nDans Historique\u00a0et R\u00e8gles de conservation, s\u00e9lectionnez Utiliser les param\u00e8tres personnalis\u00e9s pour l\u2019historique.<br \/>\nCliquez sur Afficher les cookies\u00a0et,\u00a0dans la zone Rechercher, saisissez le nom du site dont vous voulez supprimer les cookies puis s\u00e9lectionnez les cookies que vous souhaitez supprimer et supprimez-les.<\/td>\n<\/tr>\n<tr>\n<td width=\"92\"><strong>Refus des cookies \u00e0 venir<\/strong><\/td>\n<td width=\"453\">En haut de la fen\u00eatre de votre navigateur, cliquez sur Outils, puis sur Options, et s\u00e9lectionnez Pr\u00e9f\u00e9rences puis\u00a0Vie priv\u00e9e.<br \/>\nDans Historique\u00a0et R\u00e8gles de conservation, s\u00e9lectionnez Utiliser les param\u00e8tres personnalis\u00e9s pour l\u2019historique.<br \/>\nDans le menu \u00ab\u00a0Firefox utilise des param\u00e8tres personnalis\u00e9s pour l\u2019historique\u00a0\u00bb, cochez la case \u00ab\u00a0Accepter les cookies\u00a0\u00bb pour activer les cookies et d\u00e9cochez-la pour les d\u00e9sactiver.<\/td>\n<\/tr>\n<tr>\n<td width=\"92\"><a href=\"https:\/\/support.mozilla.org\/fr\/kb\/autoriser-bloquer-cookies-preferences-sites\"><strong>Plus d&rsquo;infos<\/strong><\/a><\/td>\n<td width=\"453\"><\/td>\n<\/tr>\n<\/tbody>\n<\/table>\n<p>&nbsp;<\/p>\n<table width=\"0\">\n<thead>\n<tr>\n<td style=\"text-align: center;\" colspan=\"2\" width=\"572\"><strong>INTERNET EXPLORER<\/strong><\/td>\n<\/tr>\n<\/thead>\n<tbody>\n<tr>\n<td width=\"92\"><strong>Suppression des cookies<\/strong><\/td>\n<td width=\"453\">Cliquez sur Outils et s\u00e9lectionnez Options Internet.<br \/>\nDans l\u2019onglet G\u00e9n\u00e9ral, s\u00e9lectionnez Historique de navigation puis, sous le choix Param\u00e8tres, cliquez sur Afficher les fichiers. Supprimez les fichiers de cookies.<\/td>\n<\/tr>\n<tr>\n<td width=\"92\"><strong>Refus des cookies \u00e0 venir<\/strong><\/td>\n<td width=\"453\">Cliquez sur Outils et s\u00e9lectionnez Options Internet. S\u00e9lectionnez Confidentialit\u00e9 puis Param\u00e8tres\u00a0: \u00ab\u00a0Avanc\u00e9\u00a0\u00bb et s\u00e9lectionnez vos pr\u00e9f\u00e9rences de gestion des cookies.<\/td>\n<\/tr>\n<tr>\n<td width=\"92\"><a href=\"https:\/\/support.microsoft.com\/fr-fr\/help\/17442\/windows-internet-explorer-delete-manage-cookies\"><strong>Plus d&rsquo;infos<\/strong><\/a><\/td>\n<td width=\"453\"><\/td>\n<\/tr>\n<\/tbody>\n<\/table>\n<p>&nbsp;<\/p>\n<table width=\"0\">\n<thead>\n<tr>\n<td style=\"text-align: center;\" colspan=\"2\" width=\"572\"><strong>SAFARI<\/strong><\/td>\n<\/tr>\n<\/thead>\n<tbody>\n<tr>\n<td width=\"92\"><strong>Suppression des cookies<\/strong><\/td>\n<td width=\"453\">Dans votre navigateur, cliquez sur le menu Safari puis s\u00e9lectionnez R\u00e9initialiser Safari.<br \/>\nS\u00e9lectionnez ensuite Vider le cache et Supprimer tous les cookies.<br \/>\nCliquez sur R\u00e9initialiser.<\/td>\n<\/tr>\n<tr>\n<td width=\"92\"><strong>Refus des cookies \u00e0 venir<\/strong><\/td>\n<td width=\"453\">Dans votre navigateur, choisissez le menu Pr\u00e9f\u00e9rences puis, dans le volet Confidentialit\u00e9, choisissez de bloquer les cookies<\/td>\n<\/tr>\n<tr>\n<td width=\"92\"><a href=\"https:\/\/www.apple.com\/legal\/privacy\/fr-ww\/cookies\/\"><strong>Plus d&rsquo;infos<\/strong><\/a><\/td>\n<td width=\"453\"><\/td>\n<\/tr>\n<\/tbody>\n<\/table>\n<p>&nbsp;<\/p>\n<table width=\"0\">\n<thead>\n<tr>\n<td style=\"text-align: center;\" colspan=\"2\" width=\"572\"><strong>EDGE<\/strong><\/td>\n<\/tr>\n<\/thead>\n<tbody>\n<tr>\n<td width=\"92\"><strong>Suppression des cookies<\/strong><\/td>\n<td width=\"453\">Dans le menu Param\u00e8tres du navigateur, s\u00e9lectionner Param\u00e8tres &gt; Confidentialit\u00e9 et s\u00e9curit\u00e9 &gt; Effacer les donn\u00e9es de navigation &gt; Cookies et donn\u00e9es de sites web enregistr\u00e9es.<\/td>\n<\/tr>\n<tr>\n<td width=\"92\"><strong>Refus des cookies \u00e0 venir<\/strong><\/td>\n<td width=\"453\">Dans le menu Param\u00e8tres du navigateur, s\u00e9lectionner Param\u00e8tres &gt; Confidentialit\u00e9 et s\u00e9curit\u00e9 &gt; Cookies &gt; Bloquer tous les cookies.<\/td>\n<\/tr>\n<tr>\n<td width=\"92\"><a href=\"https:\/\/support.microsoft.com\/fr-fr\/help\/4468242\/microsoft-edge-browsing-data-and-privacy-microsoft-privacy\"><strong>Plus d&rsquo;infos<\/strong><\/a><\/td>\n<td width=\"453\"><\/td>\n<\/tr>\n<\/tbody>\n<\/table>\n<p>&nbsp;<\/p>\n<table width=\"0\">\n<thead>\n<tr>\n<td style=\"text-align: center;\" colspan=\"2\" width=\"572\"><strong>OPERA<\/strong><\/td>\n<\/tr>\n<\/thead>\n<tbody>\n<tr>\n<td width=\"93\"><strong>Suppression des cookies<\/strong><\/td>\n<td width=\"452\">Param\u00e8tres \/ Avanc\u00e9 \/ Vie priv\u00e9e et s\u00e9curit\u00e9 \/ R\u00e9glage de contenus\u00a0: Cookies<\/td>\n<\/tr>\n<tr>\n<td width=\"93\"><strong>Refus des cookies \u00e0 venir<\/strong><\/td>\n<td width=\"452\">Param\u00e8tres \/ Avanc\u00e9 \/ Vie priv\u00e9e et s\u00e9curit\u00e9 \/ R\u00e9glage de contenus\u00a0: Cookies<\/td>\n<\/tr>\n<tr>\n<td width=\"93\"><a href=\"https:\/\/support.microsoft.com\/fr-fr\/help\/4468242\/microsoft-edge-browsing-data-and-privacy-microsoft-privacy\"><strong>Plus d&rsquo;infos<\/strong><\/a><\/td>\n<td width=\"452\"><\/td>\n<\/tr>\n<\/tbody>\n<\/table>\n<ol start=\"3\">\n<li><strong> Signaler aux sites web votre souhait de ne pas \u00eatre suivi(e)<\/strong><\/li>\n<\/ol>\n<p>&nbsp;<\/p>\n<p>Vous pouvez configurer votre navigateur pour que celui-ci envoie un code indiquant aux sites web que vous ne souhaitez pas \u00eatre suivi(e).<\/p>\n<ul>\n<li>Chrome\u00a0:\u00a0<a href=\"https:\/\/support.google.com\/chrome\/answer\/2790761?hl=en\">https:\/\/support.google.com\/chrome\/answer\/2790761?hl=en<\/a><\/li>\n<li>Mozilla Firefox\u00a0:\u00a0<a href=\"https:\/\/www.mozilla.org\/en-US\/firefox\/dnt\">https:\/\/www.mozilla.org\/en-US\/firefox\/dnt<\/a><\/li>\n<li>Internet Explorer\u00a0:\u00a0<a href=\"https:\/\/support.microsoft.com\/fr-fr\/help\/17288\/windows-internet-explorer-11-use-do-not-track\">https:\/\/support.microsoft.com\/fr-fr\/help\/17288\/windows-internet-explorer-11-use-do-not-track<\/a><\/li>\n<li>Safari\u00a0:\u00a0<a href=\"https:\/\/support.apple.com\/kb\/PH21416?locale=fr_FR\">https:\/\/support.apple.com\/kb\/PH21416?locale=fr_FR<\/a><\/li>\n<li>Edge\u00a0:\u00a0<a href=\"https:\/\/support.microsoft.com\/fr-fr\/help\/4468242\/microsoft-edge-browsing-data-and-privacy-microsoft-privacy\">https:\/\/support.microsoft.com\/fr-fr\/help\/4468242\/microsoft-edge-browsing-data-and-privacy-microsoft-privacy<\/a><\/li>\n<li>Opera\u00a0:\u00a0<a href=\"https:\/\/help.opera.com\/en\/presto\/be-safe-and-private\/#notrack\">https:\/\/help.opera.com\/en\/presto\/be-safe-and-private\/#notrack<\/a><\/li>\n<\/ul>\n","protected":false},"excerpt":{"rendered":"<p>Qu&rsquo;est-ce qu&rsquo;un cookie ? Un \u00ab cookie \u00bb ou \u00ab traceur \u00bb est un fichier de faible taille, g\u00e9n\u00e9ralement constitu\u00e9 de lettres et de chiffres, cr\u00e9\u00e9 et stock\u00e9 dans la m\u00e9moire de votre navigateur situ\u00e9 sur le disque dur de votre appareil (ordinateur, tablette, t\u00e9l\u00e9phone mobile) lors de la navigation d\u2019un site internet, de la [&hellip;]<\/p>\n","protected":false},"author":5,"featured_media":0,"parent":0,"menu_order":2,"comment_status":"closed","ping_status":"closed","template":"","meta":{"_acf_changed":false,"footnotes":""},"class_list":["post-7280","page","type-page","status-publish","hentry"],"acf":[],"yoast_head":"<!-- This site is optimized with the Yoast SEO plugin v27.2 - https:\/\/yoast.com\/product\/yoast-seo-wordpress\/ -->\n<title>Charte des cookies - Gordon&#039;s Blair<\/title>\n<meta name=\"robots\" content=\"index, follow, max-snippet:-1, max-image-preview:large, max-video-preview:-1\" \/>\n<link rel=\"canonical\" href=\"https:\/\/www.gordonblair.com\/fr\/charte-des-cookies\/\" \/>\n<meta property=\"og:locale\" content=\"fr_FR\" \/>\n<meta property=\"og:type\" content=\"article\" \/>\n<meta property=\"og:title\" content=\"Charte des cookies - Gordon&#039;s Blair\" \/>\n<meta property=\"og:description\" content=\"Qu&rsquo;est-ce qu&rsquo;un cookie ? Un \u00ab cookie \u00bb ou \u00ab traceur \u00bb est un fichier de faible taille, g\u00e9n\u00e9ralement constitu\u00e9 de lettres et de chiffres, cr\u00e9\u00e9 et stock\u00e9 dans la m\u00e9moire de votre navigateur situ\u00e9 sur le disque dur de votre appareil (ordinateur, tablette, t\u00e9l\u00e9phone mobile) lors de la navigation d\u2019un site internet, de la [&hellip;]\" \/>\n<meta property=\"og:url\" content=\"https:\/\/www.gordonblair.com\/fr\/charte-des-cookies\/\" \/>\n<meta property=\"og:site_name\" content=\"Gordon&#039;s Blair\" \/>\n<meta property=\"article:modified_time\" content=\"2023-10-24T09:39:27+00:00\" \/>\n<meta name=\"twitter:card\" content=\"summary_large_image\" \/>\n<meta name=\"twitter:label1\" content=\"Dur\u00e9e de lecture estim\u00e9e\" \/>\n\t<meta name=\"twitter:data1\" content=\"6 minutes\" \/>\n<script type=\"application\/ld+json\" class=\"yoast-schema-graph\">{\"@context\":\"https:\/\/schema.org\",\"@graph\":[{\"@type\":\"WebPage\",\"@id\":\"https:\/\/www.gordonblair.com\/fr\/charte-des-cookies\/\",\"url\":\"https:\/\/www.gordonblair.com\/fr\/charte-des-cookies\/\",\"name\":\"Charte des cookies - Gordon&#039;s Blair\",\"isPartOf\":{\"@id\":\"https:\/\/www.gordonblair.com\/fr\/#website\"},\"datePublished\":\"2023-10-24T08:53:21+00:00\",\"dateModified\":\"2023-10-24T09:39:27+00:00\",\"breadcrumb\":{\"@id\":\"https:\/\/www.gordonblair.com\/fr\/charte-des-cookies\/#breadcrumb\"},\"inLanguage\":\"fr-FR\",\"potentialAction\":[{\"@type\":\"ReadAction\",\"target\":[\"https:\/\/www.gordonblair.com\/fr\/charte-des-cookies\/\"]}]},{\"@type\":\"BreadcrumbList\",\"@id\":\"https:\/\/www.gordonblair.com\/fr\/charte-des-cookies\/#breadcrumb\",\"itemListElement\":[{\"@type\":\"ListItem\",\"position\":1,\"name\":\"Accueil\",\"item\":\"https:\/\/www.gordonblair.com\/fr\/\"},{\"@type\":\"ListItem\",\"position\":2,\"name\":\"Charte des cookies\"}]},{\"@type\":\"WebSite\",\"@id\":\"https:\/\/www.gordonblair.com\/fr\/#website\",\"url\":\"https:\/\/www.gordonblair.com\/fr\/\",\"name\":\"Gordon's Blair\",\"description\":\"Un cabinet juridique et fiscal multidisciplinaire, d\u00e9di\u00e9 \u00e0 diff\u00e9rentes pratiques du droit\",\"publisher\":{\"@id\":\"https:\/\/www.gordonblair.com\/fr\/#organization\"},\"potentialAction\":[{\"@type\":\"SearchAction\",\"target\":{\"@type\":\"EntryPoint\",\"urlTemplate\":\"https:\/\/www.gordonblair.com\/fr\/?s={search_term_string}\"},\"query-input\":{\"@type\":\"PropertyValueSpecification\",\"valueRequired\":true,\"valueName\":\"search_term_string\"}}],\"inLanguage\":\"fr-FR\"},{\"@type\":\"Organization\",\"@id\":\"https:\/\/www.gordonblair.com\/fr\/#organization\",\"name\":\"Gordon's Blair\",\"url\":\"https:\/\/www.gordonblair.com\/fr\/\",\"logo\":{\"@type\":\"ImageObject\",\"inLanguage\":\"fr-FR\",\"@id\":\"https:\/\/www.gordonblair.com\/fr\/#\/schema\/logo\/image\/\",\"url\":\"https:\/\/www.gordonblair.com\/wp-content\/uploads\/2013\/02\/avocat-monco-attorney-gordon-blair11-300x75-1.png\",\"contentUrl\":\"https:\/\/www.gordonblair.com\/wp-content\/uploads\/2013\/02\/avocat-monco-attorney-gordon-blair11-300x75-1.png\",\"width\":300,\"height\":75,\"caption\":\"Gordon's Blair\"},\"image\":{\"@id\":\"https:\/\/www.gordonblair.com\/fr\/#\/schema\/logo\/image\/\"}}]}<\/script>\n<!-- \/ Yoast SEO plugin. -->","yoast_head_json":{"title":"Charte des cookies - Gordon&#039;s Blair","robots":{"index":"index","follow":"follow","max-snippet":"max-snippet:-1","max-image-preview":"max-image-preview:large","max-video-preview":"max-video-preview:-1"},"canonical":"https:\/\/www.gordonblair.com\/fr\/charte-des-cookies\/","og_locale":"fr_FR","og_type":"article","og_title":"Charte des cookies - Gordon&#039;s Blair","og_description":"Qu&rsquo;est-ce qu&rsquo;un cookie ? Un \u00ab cookie \u00bb ou \u00ab traceur \u00bb est un fichier de faible taille, g\u00e9n\u00e9ralement constitu\u00e9 de lettres et de chiffres, cr\u00e9\u00e9 et stock\u00e9 dans la m\u00e9moire de votre navigateur situ\u00e9 sur le disque dur de votre appareil (ordinateur, tablette, t\u00e9l\u00e9phone mobile) lors de la navigation d\u2019un site internet, de la [&hellip;]","og_url":"https:\/\/www.gordonblair.com\/fr\/charte-des-cookies\/","og_site_name":"Gordon&#039;s Blair","article_modified_time":"2023-10-24T09:39:27+00:00","twitter_card":"summary_large_image","twitter_misc":{"Dur\u00e9e de lecture estim\u00e9e":"6 minutes"},"schema":{"@context":"https:\/\/schema.org","@graph":[{"@type":"WebPage","@id":"https:\/\/www.gordonblair.com\/fr\/charte-des-cookies\/","url":"https:\/\/www.gordonblair.com\/fr\/charte-des-cookies\/","name":"Charte des cookies - Gordon&#039;s Blair","isPartOf":{"@id":"https:\/\/www.gordonblair.com\/fr\/#website"},"datePublished":"2023-10-24T08:53:21+00:00","dateModified":"2023-10-24T09:39:27+00:00","breadcrumb":{"@id":"https:\/\/www.gordonblair.com\/fr\/charte-des-cookies\/#breadcrumb"},"inLanguage":"fr-FR","potentialAction":[{"@type":"ReadAction","target":["https:\/\/www.gordonblair.com\/fr\/charte-des-cookies\/"]}]},{"@type":"BreadcrumbList","@id":"https:\/\/www.gordonblair.com\/fr\/charte-des-cookies\/#breadcrumb","itemListElement":[{"@type":"ListItem","position":1,"name":"Accueil","item":"https:\/\/www.gordonblair.com\/fr\/"},{"@type":"ListItem","position":2,"name":"Charte des cookies"}]},{"@type":"WebSite","@id":"https:\/\/www.gordonblair.com\/fr\/#website","url":"https:\/\/www.gordonblair.com\/fr\/","name":"Gordon's Blair","description":"Un cabinet juridique et fiscal multidisciplinaire, d\u00e9di\u00e9 \u00e0 diff\u00e9rentes pratiques du droit","publisher":{"@id":"https:\/\/www.gordonblair.com\/fr\/#organization"},"potentialAction":[{"@type":"SearchAction","target":{"@type":"EntryPoint","urlTemplate":"https:\/\/www.gordonblair.com\/fr\/?s={search_term_string}"},"query-input":{"@type":"PropertyValueSpecification","valueRequired":true,"valueName":"search_term_string"}}],"inLanguage":"fr-FR"},{"@type":"Organization","@id":"https:\/\/www.gordonblair.com\/fr\/#organization","name":"Gordon's Blair","url":"https:\/\/www.gordonblair.com\/fr\/","logo":{"@type":"ImageObject","inLanguage":"fr-FR","@id":"https:\/\/www.gordonblair.com\/fr\/#\/schema\/logo\/image\/","url":"https:\/\/www.gordonblair.com\/wp-content\/uploads\/2013\/02\/avocat-monco-attorney-gordon-blair11-300x75-1.png","contentUrl":"https:\/\/www.gordonblair.com\/wp-content\/uploads\/2013\/02\/avocat-monco-attorney-gordon-blair11-300x75-1.png","width":300,"height":75,"caption":"Gordon's Blair"},"image":{"@id":"https:\/\/www.gordonblair.com\/fr\/#\/schema\/logo\/image\/"}}]}},"_links":{"self":[{"href":"https:\/\/www.gordonblair.com\/fr\/wp-json\/wp\/v2\/pages\/7280","targetHints":{"allow":["GET"]}}],"collection":[{"href":"https:\/\/www.gordonblair.com\/fr\/wp-json\/wp\/v2\/pages"}],"about":[{"href":"https:\/\/www.gordonblair.com\/fr\/wp-json\/wp\/v2\/types\/page"}],"author":[{"embeddable":true,"href":"https:\/\/www.gordonblair.com\/fr\/wp-json\/wp\/v2\/users\/5"}],"replies":[{"embeddable":true,"href":"https:\/\/www.gordonblair.com\/fr\/wp-json\/wp\/v2\/comments?post=7280"}],"version-history":[{"count":3,"href":"https:\/\/www.gordonblair.com\/fr\/wp-json\/wp\/v2\/pages\/7280\/revisions"}],"predecessor-version":[{"id":7284,"href":"https:\/\/www.gordonblair.com\/fr\/wp-json\/wp\/v2\/pages\/7280\/revisions\/7284"}],"wp:attachment":[{"href":"https:\/\/www.gordonblair.com\/fr\/wp-json\/wp\/v2\/media?parent=7280"}],"curies":[{"name":"wp","href":"https:\/\/api.w.org\/{rel}","templated":true}]}}